{"id":1041,"date":"2024-01-09T13:39:00","date_gmt":"2024-01-09T13:39:00","guid":{"rendered":"https:\/\/www.beschaeftigungstherapie.org\/?page_id=1041"},"modified":"2024-01-12T13:41:50","modified_gmt":"2024-01-12T13:41:50","slug":"rad-lez","status":"publish","type":"page","link":"https:\/\/www.beschaeftigungstherapie.org\/en\/rad-lez\/","title":{"rendered":"RAD.LEZ"},"content":{"rendered":"<div data-elementor-type=\"wp-page\" data-elementor-id=\"1041\" class=\"elementor elementor-1041\" data-elementor-settings=\"[]\">\n\t\t\t\t\t\t<div class=\"elementor-inner\">\n\t\t\t\t\t\t\t<div class=\"elementor-section-wrap\">\n\t\t\t\t\t\t\t<section class=\"elementor-section elementor-top-section elementor-element elementor-element-8b55e71 elementor-section-boxed elementor-section-height-default elementor-section-height-default\" data-id=\"8b55e71\" data-element_type=\"section\">\n\t\t\t\t\t\t<div class=\"elementor-container elementor-column-gap-default\">\n\t\t\t\t\t\t\t<div class=\"elementor-row\">\n\t\t\t\t\t<div class=\"elementor-column elementor-col-50 elementor-top-column elementor-element elementor-element-b6eed3d\" data-id=\"b6eed3d\" data-element_type=\"column\">\n\t\t\t<div class=\"elementor-column-wrap elementor-element-populated\">\n\t\t\t\t\t\t\t<div class=\"elementor-widget-wrap\">\n\t\t\t\t\t\t<div class=\"elementor-element elementor-element-be3b90d elementor-widget elementor-widget-heading\" data-id=\"be3b90d\" data-element_type=\"widget\" data-widget_type=\"heading.default\">\n\t\t\t\t<div class=\"elementor-widget-container\">\n\t\t\t<h3 class=\"elementor-heading-title elementor-size-large\">RAD.LEZ<\/h3>\t\t<\/div>\n\t\t\t\t<\/div>\n\t\t\t\t<div class=\"elementor-element elementor-element-9aa7f61 elementor-hidden-desktop elementor-widget elementor-widget-image\" data-id=\"9aa7f61\" data-element_type=\"widget\" data-widget_type=\"image.default\">\n\t\t\t\t<div class=\"elementor-widget-container\">\n\t\t\t\t\t\t\t\t<div class=\"elementor-image\">\n\t\t\t\t\t\t\t\t\t\t\t\t<img width=\"300\" height=\"300\" src=\"https:\/\/www.beschaeftigungstherapie.org\/wp-content\/uploads\/2024\/01\/Nach-for-web-300x300.jpg\" class=\"attachment-medium size-medium\" alt=\"\" loading=\"lazy\" srcset=\"https:\/\/www.beschaeftigungstherapie.org\/wp-content\/uploads\/2024\/01\/Nach-for-web-300x300.jpg 300w, https:\/\/www.beschaeftigungstherapie.org\/wp-content\/uploads\/2024\/01\/Nach-for-web-1024x1024.jpg 1024w, https:\/\/www.beschaeftigungstherapie.org\/wp-content\/uploads\/2024\/01\/Nach-for-web-150x150.jpg 150w, https:\/\/www.beschaeftigungstherapie.org\/wp-content\/uploads\/2024\/01\/Nach-for-web-768x768.jpg 768w, https:\/\/www.beschaeftigungstherapie.org\/wp-content\/uploads\/2024\/01\/Nach-for-web-1536x1536.jpg 1536w, https:\/\/www.beschaeftigungstherapie.org\/wp-content\/uploads\/2024\/01\/Nach-for-web-12x12.jpg 12w, https:\/\/www.beschaeftigungstherapie.org\/wp-content\/uploads\/2024\/01\/Nach-for-web-1320x1320.jpg 1320w, https:\/\/www.beschaeftigungstherapie.org\/wp-content\/uploads\/2024\/01\/Nach-for-web-600x600.jpg 600w, https:\/\/www.beschaeftigungstherapie.org\/wp-content\/uploads\/2024\/01\/Nach-for-web-100x100.jpg 100w, https:\/\/www.beschaeftigungstherapie.org\/wp-content\/uploads\/2024\/01\/Nach-for-web.jpg 1752w\" sizes=\"(max-width: 300px) 100vw, 300px\" \/>\t\t\t\t\t\t\t\t\t\t\t\t\t\t<\/div>\n\t\t\t\t\t\t<\/div>\n\t\t\t\t<\/div>\n\t\t\t\t<div class=\"elementor-element elementor-element-2d47fec elementor-widget elementor-widget-text-editor\" data-id=\"2d47fec\" data-element_type=\"widget\" data-widget_type=\"text-editor.default\">\n\t\t\t\t<div class=\"elementor-widget-container\">\n\t\t\t\t\t\t\t\t<div class=\"elementor-text-editor elementor-clearfix\">\n\t\t\t\t<div>In der M\u00fcnchner Szene ist er unter dem Namen Nacho bekannt, Rad.Lez stammt aus Venezuela und Spanien und hat 2013 die Chance ergriffen, M\u00fcnchen zu seiner kreativen Homebase zu machen.\u00a0<\/div><div>\u00a0<\/div><div>Hier hat er als DJ, Musikproduzent und Veranstalter Fu\u00df gefasst. Mit seinem Charisma, seinem individuellen Sound und seiner mitrei\u00dfenden Pers\u00f6nlichkeit hat er sich schnell einen gewissen Bekanntheitsgrad in der Clubszene der bayerischen<\/div><div>Landeshauptstadt erarbeitet.\u00a0<\/div><div>\u00a0<\/div><div>Seitdem begeistert er das Publikum mit energiegeladenen DJ-Sets in renommierten M\u00fcnchner Clubs wie Bahnw\u00e4rter Thiel, Legal, Harry Klein und Palais. Seine Sets beginnen mit minimalistischem Techno und steigern sich zu treibendem Peak-Time-Techno.<br \/><br \/><\/div><p>Rad.Lez ist zudem Mitbegr\u00fcnder von TeamTURBO, einem angesagten Kollektiv M\u00fcnchner DJs. Diese Plattform hat seinen Bekanntheitsgrad weiter gesteigert, sodass namhafte nationale Nightlife-Hotspots wie KitKatClub, Beate Uwe, Sisyphos und Ritter Butzke in Berlin oder Waagenbau in Hamburg ihn unbedingt buchen wollten. Er hat auch schon auf renommierten<\/p><div>Festivals wie Contact, Ikarus, Echelon, Traumt\u00e4nzer, Deep in Forest, Megaton, Heidewitzka und vielen weiteren erfolgreich aufgelegt.<\/div><div>\u00a0<\/div><div>Doch Rad.Lez beschr\u00e4nkt sich nicht nur auf seine DJ-Auftritte. Er verbringt auch viele produktive Stunden im Studio. Ende 2022 wurde er stellvertretender Label-Head und A&amp;R des renommierten K\u00f6lner Labels Jaw Dropping Records. Dort haben bereits vielversprechende internationale K\u00fcnstler wie Lamp\u00e9, Heerhost, Rachel Raw, Maksim Dark und viele andere ver\u00f6ffentlicht.\u00a0<\/div><div>\u00a0<\/div><div>Im Jahr 2023 wird Rad.Lez auch seine eigenen frischen Produktionen \u00fcber Jaw Dropping Records ver\u00f6ffentlichen. Seine erste EP, unterst\u00fctzt von drei erstklassigen Remixern, wird voraussichtlich im Juni erscheinen.<\/div>\t\t\t\t\t<\/div>\n\t\t\t\t\t\t<\/div>\n\t\t\t\t<\/div>\n\t\t\t\t<div class=\"elementor-element elementor-element-9fb0e02 elementor-hidden-mobile elementor-widget elementor-widget-spacer\" data-id=\"9fb0e02\" data-element_type=\"widget\" data-widget_type=\"spacer.default\">\n\t\t\t\t<div class=\"elementor-widget-container\">\n\t\t\t\t\t<div class=\"elementor-spacer\">\n\t\t\t<div class=\"elementor-spacer-inner\"><\/div>\n\t\t<\/div>\n\t\t\t\t<\/div>\n\t\t\t\t<\/div>\n\t\t\t\t\t\t<\/div>\n\t\t\t\t\t<\/div>\n\t\t<\/div>\n\t\t\t\t<div class=\"elementor-column elementor-col-50 elementor-top-column elementor-element elementor-element-c8b153e\" data-id=\"c8b153e\" data-element_type=\"column\">\n\t\t\t<div class=\"elementor-column-wrap elementor-element-populated\">\n\t\t\t\t\t\t\t<div class=\"elementor-widget-wrap\">\n\t\t\t\t\t\t<div class=\"elementor-element elementor-element-711ef73 elementor-hidden-mobile elementor-widget elementor-widget-spacer\" data-id=\"711ef73\" data-element_type=\"widget\" data-widget_type=\"spacer.default\">\n\t\t\t\t<div class=\"elementor-widget-container\">\n\t\t\t\t\t<div class=\"elementor-spacer\">\n\t\t\t<div class=\"elementor-spacer-inner\"><\/div>\n\t\t<\/div>\n\t\t\t\t<\/div>\n\t\t\t\t<\/div>\n\t\t\t\t<div class=\"elementor-element elementor-element-b5e447b elementor-hidden-mobile elementor-widget elementor-widget-spacer\" data-id=\"b5e447b\" data-element_type=\"widget\" data-widget_type=\"spacer.default\">\n\t\t\t\t<div class=\"elementor-widget-container\">\n\t\t\t\t\t<div class=\"elementor-spacer\">\n\t\t\t<div class=\"elementor-spacer-inner\"><\/div>\n\t\t<\/div>\n\t\t\t\t<\/div>\n\t\t\t\t<\/div>\n\t\t\t\t<div class=\"elementor-element elementor-element-a2df9d9 elementor-hidden-tablet elementor-hidden-mobile elementor-widget elementor-widget-image\" data-id=\"a2df9d9\" data-element_type=\"widget\" data-widget_type=\"image.default\">\n\t\t\t\t<div class=\"elementor-widget-container\">\n\t\t\t\t\t\t\t\t<div class=\"elementor-image\">\n\t\t\t\t\t\t\t\t\t\t\t\t<img width=\"1024\" height=\"1024\" src=\"https:\/\/www.beschaeftigungstherapie.org\/wp-content\/uploads\/2024\/01\/Nach-for-web-1024x1024.jpg\" class=\"attachment-large size-large\" alt=\"\" loading=\"lazy\" srcset=\"https:\/\/www.beschaeftigungstherapie.org\/wp-content\/uploads\/2024\/01\/Nach-for-web-1024x1024.jpg 1024w, https:\/\/www.beschaeftigungstherapie.org\/wp-content\/uploads\/2024\/01\/Nach-for-web-300x300.jpg 300w, https:\/\/www.beschaeftigungstherapie.org\/wp-content\/uploads\/2024\/01\/Nach-for-web-150x150.jpg 150w, https:\/\/www.beschaeftigungstherapie.org\/wp-content\/uploads\/2024\/01\/Nach-for-web-768x768.jpg 768w, https:\/\/www.beschaeftigungstherapie.org\/wp-content\/uploads\/2024\/01\/Nach-for-web-1536x1536.jpg 1536w, https:\/\/www.beschaeftigungstherapie.org\/wp-content\/uploads\/2024\/01\/Nach-for-web-12x12.jpg 12w, https:\/\/www.beschaeftigungstherapie.org\/wp-content\/uploads\/2024\/01\/Nach-for-web-1320x1320.jpg 1320w, https:\/\/www.beschaeftigungstherapie.org\/wp-content\/uploads\/2024\/01\/Nach-for-web-600x600.jpg 600w, https:\/\/www.beschaeftigungstherapie.org\/wp-content\/uploads\/2024\/01\/Nach-for-web-100x100.jpg 100w, https:\/\/www.beschaeftigungstherapie.org\/wp-content\/uploads\/2024\/01\/Nach-for-web.jpg 1752w\" sizes=\"(max-width: 1024px) 100vw, 1024px\" \/>\t\t\t\t\t\t\t\t\t\t\t\t\t\t<\/div>\n\t\t\t\t\t\t<\/div>\n\t\t\t\t<\/div>\n\t\t\t\t\t\t<\/div>\n\t\t\t\t\t<\/div>\n\t\t<\/div>\n\t\t\t\t\t\t\t\t<\/div>\n\t\t\t\t\t<\/div>\n\t\t<\/section>\n\t\t\t\t<section class=\"elementor-section elementor-top-section elementor-element elementor-element-9fedd0e elementor-section-boxed elementor-section-height-default elementor-section-height-default\" data-id=\"9fedd0e\" data-element_type=\"section\">\n\t\t\t\t\t\t<div class=\"elementor-container elementor-column-gap-default\">\n\t\t\t\t\t\t\t<div class=\"elementor-row\">\n\t\t\t\t\t<div class=\"elementor-column elementor-col-100 elementor-top-column elementor-element elementor-element-4e385d9\" data-id=\"4e385d9\" data-element_type=\"column\">\n\t\t\t<div class=\"elementor-column-wrap elementor-element-populated\">\n\t\t\t\t\t\t\t<div class=\"elementor-widget-wrap\">\n\t\t\t\t\t\t<div class=\"elementor-element elementor-element-1c511a8 elementor-widget-divider--view-line elementor-widget elementor-widget-divider\" data-id=\"1c511a8\" data-element_type=\"widget\" data-widget_type=\"divider.default\">\n\t\t\t\t<div class=\"elementor-widget-container\">\n\t\t\t\t\t<div class=\"elementor-divider\">\n\t\t\t<span class=\"elementor-divider-separator\">\n\t\t\t\t\t\t<\/span>\n\t\t<\/div>\n\t\t\t\t<\/div>\n\t\t\t\t<\/div>\n\t\t\t\t\t\t<\/div>\n\t\t\t\t\t<\/div>\n\t\t<\/div>\n\t\t\t\t\t\t\t\t<\/div>\n\t\t\t\t\t<\/div>\n\t\t<\/section>\n\t\t\t\t<section class=\"elementor-section elementor-top-section elementor-element elementor-element-4216a8e elementor-section-boxed elementor-section-height-default elementor-section-height-default\" data-id=\"4216a8e\" data-element_type=\"section\">\n\t\t\t\t\t\t<div class=\"elementor-container elementor-column-gap-default\">\n\t\t\t\t\t\t\t<div class=\"elementor-row\">\n\t\t\t\t\t<div class=\"elementor-column elementor-col-50 elementor-top-column elementor-element elementor-element-b2fbd85\" data-id=\"b2fbd85\" data-element_type=\"column\">\n\t\t\t<div class=\"elementor-column-wrap elementor-element-populated\">\n\t\t\t\t\t\t\t<div class=\"elementor-widget-wrap\">\n\t\t\t\t\t\t<div class=\"elementor-element elementor-element-e316216 elementor-view-default elementor-widget elementor-widget-icon\" data-id=\"e316216\" data-element_type=\"widget\" data-widget_type=\"icon.default\">\n\t\t\t\t<div class=\"elementor-widget-container\">\n\t\t\t\t\t<div class=\"elementor-icon-wrapper\">\n\t\t\t<a class=\"elementor-icon\" href=\"https:\/\/www.instagram.com\/rad.lezmusic\/\">\n\t\t\t<i aria-hidden=\"true\" class=\"fab fa-instagram\"><\/i>\t\t\t<\/a>\n\t\t<\/div>\n\t\t\t\t<\/div>\n\t\t\t\t<\/div>\n\t\t\t\t\t\t<\/div>\n\t\t\t\t\t<\/div>\n\t\t<\/div>\n\t\t\t\t<div class=\"elementor-column elementor-col-50 elementor-top-column elementor-element elementor-element-1bff427\" data-id=\"1bff427\" data-element_type=\"column\">\n\t\t\t<div class=\"elementor-column-wrap elementor-element-populated\">\n\t\t\t\t\t\t\t<div class=\"elementor-widget-wrap\">\n\t\t\t\t\t\t<div class=\"elementor-element elementor-element-405959f elementor-view-default elementor-widget elementor-widget-icon\" data-id=\"405959f\" data-element_type=\"widget\" data-widget_type=\"icon.default\">\n\t\t\t\t<div class=\"elementor-widget-container\">\n\t\t\t\t\t<div class=\"elementor-icon-wrapper\">\n\t\t\t<a class=\"elementor-icon\" href=\"https:\/\/soundcloud.com\/radlezmusic\">\n\t\t\t<i aria-hidden=\"true\" class=\"fab fa-soundcloud\"><\/i>\t\t\t<\/a>\n\t\t<\/div>\n\t\t\t\t<\/div>\n\t\t\t\t<\/div>\n\t\t\t\t\t\t<\/div>\n\t\t\t\t\t<\/div>\n\t\t<\/div>\n\t\t\t\t\t\t\t\t<\/div>\n\t\t\t\t\t<\/div>\n\t\t<\/section>\n\t\t\t\t<section class=\"elementor-section elementor-top-section elementor-element elementor-element-c9e8f39 elementor-section-boxed elementor-section-height-default elementor-section-height-default\" data-id=\"c9e8f39\" data-element_type=\"section\">\n\t\t\t\t\t\t<div class=\"elementor-container elementor-column-gap-default\">\n\t\t\t\t\t\t\t<div class=\"elementor-row\">\n\t\t\t\t\t<div class=\"elementor-column elementor-col-100 elementor-top-column elementor-element elementor-element-8475b82\" data-id=\"8475b82\" data-element_type=\"column\">\n\t\t\t<div class=\"elementor-column-wrap elementor-element-populated\">\n\t\t\t\t\t\t\t<div class=\"elementor-widget-wrap\">\n\t\t\t\t\t\t<div class=\"elementor-element elementor-element-e79f015 elementor-align-center elementor-widget elementor-widget-button\" data-id=\"e79f015\" data-element_type=\"widget\" data-widget_type=\"button.default\">\n\t\t\t\t<div class=\"elementor-widget-container\">\n\t\t\t\t\t<div class=\"elementor-button-wrapper\">\n\t\t\t<a href=\"https:\/\/drive.google.com\/open?id=1ww1uBRMJ5jy31w8Og_MRndhKhdbMmzJU&#038;usp=drive_fs\" class=\"elementor-button-link elementor-button elementor-size-sm\" role=\"button\">\n\t\t\t\t\t\t<span class=\"elementor-button-content-wrapper\">\n\t\t\t\t\t\t<span class=\"elementor-button-text\">Presskit<\/span>\n\t\t<\/span>\n\t\t\t\t\t<\/a>\n\t\t<\/div>\n\t\t\t\t<\/div>\n\t\t\t\t<\/div>\n\t\t\t\t\t\t<\/div>\n\t\t\t\t\t<\/div>\n\t\t<\/div>\n\t\t\t\t\t\t\t\t<\/div>\n\t\t\t\t\t<\/div>\n\t\t<\/section>\n\t\t\t\t<section class=\"elementor-section elementor-top-section elementor-element elementor-element-da3adee elementor-section-boxed elementor-section-height-default elementor-section-height-default\" data-id=\"da3adee\" data-element_type=\"section\">\n\t\t\t\t\t\t<div class=\"elementor-container elementor-column-gap-default\">\n\t\t\t\t\t\t\t<div class=\"elementor-row\">\n\t\t\t\t\t<div class=\"elementor-column elementor-col-100 elementor-top-column elementor-element elementor-element-1d50803\" data-id=\"1d50803\" data-element_type=\"column\">\n\t\t\t<div class=\"elementor-column-wrap elementor-element-populated\">\n\t\t\t\t\t\t\t<div class=\"elementor-widget-wrap\">\n\t\t\t\t\t\t<div class=\"elementor-element elementor-element-b86f842 elementor-widget elementor-widget-spacer\" data-id=\"b86f842\" data-element_type=\"widget\" data-widget_type=\"spacer.default\">\n\t\t\t\t<div class=\"elementor-widget-container\">\n\t\t\t\t\t<div class=\"elementor-spacer\">\n\t\t\t<div class=\"elementor-spacer-inner\"><\/div>\n\t\t<\/div>\n\t\t\t\t<\/div>\n\t\t\t\t<\/div>\n\t\t\t\t\t\t<\/div>\n\t\t\t\t\t<\/div>\n\t\t<\/div>\n\t\t\t\t\t\t\t\t<\/div>\n\t\t\t\t\t<\/div>\n\t\t<\/section>\n\t\t\t\t\t\t<\/div>\n\t\t\t\t\t\t<\/div>\n\t\t\t\t\t<\/div>","protected":false},"excerpt":{"rendered":"<p>RAD.LEZ In der M\u00fcnchner Szene ist er unter dem Namen Nacho bekannt, Rad.Lez stammt aus Venezuela und Spanien und hat 2013 die Chance ergriffen, M\u00fcnchen zu seiner kreativen Homebase zu machen.\u00a0\u00a0Hier hat er als DJ, Musikproduzent und Veranstalter Fu\u00df gefasst. Mit seinem Charisma, seinem individuellen Sound und seiner mitrei\u00dfenden Pers\u00f6nlichkeit hat er sich schnell einen &hellip;<\/p>\n<p class=\"read-more\"> <a class=\"\" href=\"https:\/\/www.beschaeftigungstherapie.org\/en\/rad-lez\/\"> <span class=\"screen-reader-text\">RAD.LEZ<\/span> Read More &raquo;<\/a><\/p>","protected":false},"author":1,"featured_media":0,"parent":0,"menu_order":0,"comment_status":"closed","ping_status":"closed","template":"","meta":{"site-sidebar-layout":"no-sidebar","site-content-layout":"page-builder","ast-global-header-display":"","ast-main-header-display":"","ast-hfb-above-header-display":"","ast-hfb-below-header-display":"","ast-hfb-mobile-header-display":"","site-post-title":"disabled","ast-breadcrumbs-content":"","ast-featured-img":"disabled","footer-sml-layout":"","theme-transparent-header-meta":"","adv-header-id-meta":"","stick-header-meta":"","header-above-stick-meta":"","header-main-stick-meta":"","header-below-stick-meta":"","spay_email":""},"yoast_head":"<!-- This site is optimized with the Yoast SEO plugin v19.2 - https:\/\/yoast.com\/wordpress\/plugins\/seo\/ -->\n<title>RAD.LEZ -<\/title>\n<meta name=\"robots\" content=\"noindex, follow, max-snippet:-1, max-image-preview:large, max-video-preview:-1\" \/>\n<meta property=\"og:locale\" content=\"en_US\" \/>\n<meta property=\"og:type\" content=\"article\" \/>\n<meta property=\"og:title\" content=\"RAD.LEZ -\" \/>\n<meta property=\"og:description\" content=\"RAD.LEZ In der M\u00fcnchner Szene ist er unter dem Namen Nacho bekannt, Rad.Lez stammt aus Venezuela und Spanien und hat 2013 die Chance ergriffen, M\u00fcnchen zu seiner kreativen Homebase zu machen.\u00a0\u00a0Hier hat er als DJ, Musikproduzent und Veranstalter Fu\u00df gefasst. Mit seinem Charisma, seinem individuellen Sound und seiner mitrei\u00dfenden Pers\u00f6nlichkeit hat er sich schnell einen &hellip; RAD.LEZ Read More &raquo;\" \/>\n<meta property=\"og:url\" content=\"https:\/\/www.beschaeftigungstherapie.org\/en\/rad-lez\/\" \/>\n<meta property=\"article:modified_time\" content=\"2024-01-12T13:41:50+00:00\" \/>\n<meta property=\"og:image\" content=\"https:\/\/www.beschaeftigungstherapie.org\/wp-content\/uploads\/2024\/01\/Nach-for-web-300x300.jpg\" \/>\n<meta name=\"author\" content=\"Chris116\" \/>\n<meta name=\"twitter:card\" content=\"summary_large_image\" \/>\n<meta name=\"twitter:label1\" content=\"Est. reading time\" \/>\n\t<meta name=\"twitter:data1\" content=\"2 minutes\" \/>\n<script type=\"application\/ld+json\" class=\"yoast-schema-graph\">{\"@context\":\"https:\/\/schema.org\",\"@graph\":[{\"@type\":\"WebSite\",\"@id\":\"https:\/\/www.beschaeftigungstherapie.org\/#website\",\"url\":\"https:\/\/www.beschaeftigungstherapie.org\/\",\"name\":\"\",\"description\":\"Just another WordPress site\",\"potentialAction\":[{\"@type\":\"SearchAction\",\"target\":{\"@type\":\"EntryPoint\",\"urlTemplate\":\"https:\/\/www.beschaeftigungstherapie.org\/?s={search_term_string}\"},\"query-input\":\"required name=search_term_string\"}],\"inLanguage\":\"en-US\"},{\"@type\":\"ImageObject\",\"inLanguage\":\"en-US\",\"@id\":\"https:\/\/www.beschaeftigungstherapie.org\/rad-lez\/#primaryimage\",\"url\":\"https:\/\/www.beschaeftigungstherapie.org\/wp-content\/uploads\/2024\/01\/Nach-for-web.jpg\",\"contentUrl\":\"https:\/\/www.beschaeftigungstherapie.org\/wp-content\/uploads\/2024\/01\/Nach-for-web.jpg\",\"width\":1752,\"height\":1752},{\"@type\":\"WebPage\",\"@id\":\"https:\/\/www.beschaeftigungstherapie.org\/rad-lez\/#webpage\",\"url\":\"https:\/\/www.beschaeftigungstherapie.org\/rad-lez\/\",\"name\":\"RAD.LEZ -\",\"isPartOf\":{\"@id\":\"https:\/\/www.beschaeftigungstherapie.org\/#website\"},\"primaryImageOfPage\":{\"@id\":\"https:\/\/www.beschaeftigungstherapie.org\/rad-lez\/#primaryimage\"},\"datePublished\":\"2024-01-09T13:39:00+00:00\",\"dateModified\":\"2024-01-12T13:41:50+00:00\",\"breadcrumb\":{\"@id\":\"https:\/\/www.beschaeftigungstherapie.org\/rad-lez\/#breadcrumb\"},\"inLanguage\":\"en-US\",\"potentialAction\":[{\"@type\":\"ReadAction\",\"target\":[\"https:\/\/www.beschaeftigungstherapie.org\/rad-lez\/\"]}]},{\"@type\":\"BreadcrumbList\",\"@id\":\"https:\/\/www.beschaeftigungstherapie.org\/rad-lez\/#breadcrumb\",\"itemListElement\":[{\"@type\":\"ListItem\",\"position\":1,\"name\":\"Home\",\"item\":\"https:\/\/www.beschaeftigungstherapie.org\/\"},{\"@type\":\"ListItem\",\"position\":2,\"name\":\"RAD.LEZ\"}]}]}<\/script>\n<!-- \/ Yoast SEO plugin. -->","yoast_head_json":{"title":"RAD.LEZ -","robots":{"index":"noindex","follow":"follow","max-snippet":"max-snippet:-1","max-image-preview":"max-image-preview:large","max-video-preview":"max-video-preview:-1"},"og_locale":"en_US","og_type":"article","og_title":"RAD.LEZ -","og_description":"RAD.LEZ In der M\u00fcnchner Szene ist er unter dem Namen Nacho bekannt, Rad.Lez stammt aus Venezuela und Spanien und hat 2013 die Chance ergriffen, M\u00fcnchen zu seiner kreativen Homebase zu machen.\u00a0\u00a0Hier hat er als DJ, Musikproduzent und Veranstalter Fu\u00df gefasst. Mit seinem Charisma, seinem individuellen Sound und seiner mitrei\u00dfenden Pers\u00f6nlichkeit hat er sich schnell einen &hellip; RAD.LEZ Read More &raquo;","og_url":"https:\/\/www.beschaeftigungstherapie.org\/en\/rad-lez\/","article_modified_time":"2024-01-12T13:41:50+00:00","og_image":[{"url":"https:\/\/www.beschaeftigungstherapie.org\/wp-content\/uploads\/2024\/01\/Nach-for-web-300x300.jpg"}],"author":"Chris116","twitter_card":"summary_large_image","twitter_misc":{"Est. reading time":"2 minutes"},"schema":{"@context":"https:\/\/schema.org","@graph":[{"@type":"WebSite","@id":"https:\/\/www.beschaeftigungstherapie.org\/#website","url":"https:\/\/www.beschaeftigungstherapie.org\/","name":"","description":"Just another WordPress site","potentialAction":[{"@type":"SearchAction","target":{"@type":"EntryPoint","urlTemplate":"https:\/\/www.beschaeftigungstherapie.org\/?s={search_term_string}"},"query-input":"required name=search_term_string"}],"inLanguage":"en-US"},{"@type":"ImageObject","inLanguage":"en-US","@id":"https:\/\/www.beschaeftigungstherapie.org\/rad-lez\/#primaryimage","url":"https:\/\/www.beschaeftigungstherapie.org\/wp-content\/uploads\/2024\/01\/Nach-for-web.jpg","contentUrl":"https:\/\/www.beschaeftigungstherapie.org\/wp-content\/uploads\/2024\/01\/Nach-for-web.jpg","width":1752,"height":1752},{"@type":"WebPage","@id":"https:\/\/www.beschaeftigungstherapie.org\/rad-lez\/#webpage","url":"https:\/\/www.beschaeftigungstherapie.org\/rad-lez\/","name":"RAD.LEZ -","isPartOf":{"@id":"https:\/\/www.beschaeftigungstherapie.org\/#website"},"primaryImageOfPage":{"@id":"https:\/\/www.beschaeftigungstherapie.org\/rad-lez\/#primaryimage"},"datePublished":"2024-01-09T13:39:00+00:00","dateModified":"2024-01-12T13:41:50+00:00","breadcrumb":{"@id":"https:\/\/www.beschaeftigungstherapie.org\/rad-lez\/#breadcrumb"},"inLanguage":"en-US","potentialAction":[{"@type":"ReadAction","target":["https:\/\/www.beschaeftigungstherapie.org\/rad-lez\/"]}]},{"@type":"BreadcrumbList","@id":"https:\/\/www.beschaeftigungstherapie.org\/rad-lez\/#breadcrumb","itemListElement":[{"@type":"ListItem","position":1,"name":"Home","item":"https:\/\/www.beschaeftigungstherapie.org\/"},{"@type":"ListItem","position":2,"name":"RAD.LEZ"}]}]}},"_links":{"self":[{"href":"https:\/\/www.beschaeftigungstherapie.org\/en\/wp-json\/wp\/v2\/pages\/1041"}],"collection":[{"href":"https:\/\/www.beschaeftigungstherapie.org\/en\/wp-json\/wp\/v2\/pages"}],"about":[{"href":"https:\/\/www.beschaeftigungstherapie.org\/en\/wp-json\/wp\/v2\/types\/page"}],"author":[{"embeddable":true,"href":"https:\/\/www.beschaeftigungstherapie.org\/en\/wp-json\/wp\/v2\/users\/1"}],"replies":[{"embeddable":true,"href":"https:\/\/www.beschaeftigungstherapie.org\/en\/wp-json\/wp\/v2\/comments?post=1041"}],"version-history":[{"count":10,"href":"https:\/\/www.beschaeftigungstherapie.org\/en\/wp-json\/wp\/v2\/pages\/1041\/revisions"}],"predecessor-version":[{"id":1183,"href":"https:\/\/www.beschaeftigungstherapie.org\/en\/wp-json\/wp\/v2\/pages\/1041\/revisions\/1183"}],"wp:attachment":[{"href":"https:\/\/www.beschaeftigungstherapie.org\/en\/wp-json\/wp\/v2\/media?parent=1041"}],"curies":[{"name":"wp","href":"https:\/\/api.w.org\/{rel}","templated":true}]}}