{"id":1059,"date":"2024-01-09T14:25:06","date_gmt":"2024-01-09T14:25:06","guid":{"rendered":"https:\/\/www.beschaeftigungstherapie.org\/?page_id=1059"},"modified":"2024-01-12T13:16:45","modified_gmt":"2024-01-12T13:16:45","slug":"lazykid","status":"publish","type":"page","link":"https:\/\/www.beschaeftigungstherapie.org\/en\/lazykid\/","title":{"rendered":"LAZYKID"},"content":{"rendered":"<div data-elementor-type=\"wp-page\" data-elementor-id=\"1059\" class=\"elementor elementor-1059\" data-elementor-settings=\"[]\">\n\t\t\t\t\t\t<div class=\"elementor-inner\">\n\t\t\t\t\t\t\t<div class=\"elementor-section-wrap\">\n\t\t\t\t\t\t\t<section class=\"elementor-section elementor-top-section elementor-element elementor-element-0786971 elementor-section-boxed elementor-section-height-default elementor-section-height-default\" data-id=\"0786971\" data-element_type=\"section\">\n\t\t\t\t\t\t<div class=\"elementor-container elementor-column-gap-default\">\n\t\t\t\t\t\t\t<div class=\"elementor-row\">\n\t\t\t\t\t<div class=\"elementor-column elementor-col-50 elementor-top-column elementor-element elementor-element-657b96f\" data-id=\"657b96f\" data-element_type=\"column\">\n\t\t\t<div class=\"elementor-column-wrap elementor-element-populated\">\n\t\t\t\t\t\t\t<div class=\"elementor-widget-wrap\">\n\t\t\t\t\t\t<div class=\"elementor-element elementor-element-e2e2478 elementor-widget elementor-widget-heading\" data-id=\"e2e2478\" data-element_type=\"widget\" data-widget_type=\"heading.default\">\n\t\t\t\t<div class=\"elementor-widget-container\">\n\t\t\t<h3 class=\"elementor-heading-title elementor-size-large\">LAZYKID<\/h3>\t\t<\/div>\n\t\t\t\t<\/div>\n\t\t\t\t<div class=\"elementor-element elementor-element-d4d47e2 elementor-hidden-desktop elementor-widget elementor-widget-image\" data-id=\"d4d47e2\" data-element_type=\"widget\" data-widget_type=\"image.default\">\n\t\t\t\t<div class=\"elementor-widget-container\">\n\t\t\t\t\t\t\t\t<div class=\"elementor-image\">\n\t\t\t\t\t\t\t\t\t\t\t\t<img width=\"300\" height=\"300\" src=\"https:\/\/www.beschaeftigungstherapie.org\/wp-content\/uploads\/2024\/01\/umit-for-web-300x300.jpg\" class=\"attachment-medium size-medium\" alt=\"\" loading=\"lazy\" srcset=\"https:\/\/www.beschaeftigungstherapie.org\/wp-content\/uploads\/2024\/01\/umit-for-web-300x300.jpg 300w, https:\/\/www.beschaeftigungstherapie.org\/wp-content\/uploads\/2024\/01\/umit-for-web-1024x1024.jpg 1024w, https:\/\/www.beschaeftigungstherapie.org\/wp-content\/uploads\/2024\/01\/umit-for-web-150x150.jpg 150w, https:\/\/www.beschaeftigungstherapie.org\/wp-content\/uploads\/2024\/01\/umit-for-web-768x768.jpg 768w, https:\/\/www.beschaeftigungstherapie.org\/wp-content\/uploads\/2024\/01\/umit-for-web-12x12.jpg 12w, https:\/\/www.beschaeftigungstherapie.org\/wp-content\/uploads\/2024\/01\/umit-for-web-1320x1320.jpg 1320w, https:\/\/www.beschaeftigungstherapie.org\/wp-content\/uploads\/2024\/01\/umit-for-web-600x600.jpg 600w, https:\/\/www.beschaeftigungstherapie.org\/wp-content\/uploads\/2024\/01\/umit-for-web-100x100.jpg 100w, https:\/\/www.beschaeftigungstherapie.org\/wp-content\/uploads\/2024\/01\/umit-for-web.jpg 1512w\" sizes=\"(max-width: 300px) 100vw, 300px\" \/>\t\t\t\t\t\t\t\t\t\t\t\t\t\t<\/div>\n\t\t\t\t\t\t<\/div>\n\t\t\t\t<\/div>\n\t\t\t\t<div class=\"elementor-element elementor-element-35fdf14 elementor-widget elementor-widget-text-editor\" data-id=\"35fdf14\" data-element_type=\"widget\" data-widget_type=\"text-editor.default\">\n\t\t\t\t<div class=\"elementor-widget-container\">\n\t\t\t\t\t\t\t\t<div class=\"elementor-text-editor elementor-clearfix\">\n\t\t\t\t<p>Lazykid ist ein DJ und Produzent aus M\u00fcnchen, der aus purer Faulheit Jahre<\/p><div>brauchte, um seinen ersten Track zu produzieren.<\/div><div>\u00a0<\/div><p>Sobald er aber hinter den Decks steht ist es mit der Faulheit vorbei, denn mit<br \/>seinem unverkennbaren Sound und seinen ansteckenden Tanzbewegungen<br \/>schafft er es die Tanzfl\u00e4che zum Kochen zu bringen. Sein Vorteil: Er ist nicht<br \/>nur ein guter DJ, sondern auch ein au\u00dfergew\u00f6hnlicher T\u00e4nzer, was bedeutet,<br \/>dass er genau wei\u00df was er spielen muss um dich zum Tanzen zu bringen und<br \/>das bis in den fr\u00fchen Morgen.<\/p><p>Mit seinem treibenden melodischen Techno bringt er dich in die perfekte<br \/>Stimmung und beschleunigt deinen Herzschlag mit seiner Peak-Time-<br \/>Vibration. Was am Ende deine ganze Energie erfordert, denn am Tag danach<br \/>wirst du genau wie er: Lazykid.<\/p><div>\u00a0<\/div>\t\t\t\t\t<\/div>\n\t\t\t\t\t\t<\/div>\n\t\t\t\t<\/div>\n\t\t\t\t<div class=\"elementor-element elementor-element-316e7c4 elementor-hidden-mobile elementor-widget elementor-widget-spacer\" data-id=\"316e7c4\" data-element_type=\"widget\" data-widget_type=\"spacer.default\">\n\t\t\t\t<div class=\"elementor-widget-container\">\n\t\t\t\t\t<div class=\"elementor-spacer\">\n\t\t\t<div class=\"elementor-spacer-inner\"><\/div>\n\t\t<\/div>\n\t\t\t\t<\/div>\n\t\t\t\t<\/div>\n\t\t\t\t\t\t<\/div>\n\t\t\t\t\t<\/div>\n\t\t<\/div>\n\t\t\t\t<div class=\"elementor-column elementor-col-50 elementor-top-column elementor-element elementor-element-5e8b697\" data-id=\"5e8b697\" data-element_type=\"column\">\n\t\t\t<div class=\"elementor-column-wrap elementor-element-populated\">\n\t\t\t\t\t\t\t<div class=\"elementor-widget-wrap\">\n\t\t\t\t\t\t<div class=\"elementor-element elementor-element-51c674c elementor-hidden-mobile elementor-widget elementor-widget-spacer\" data-id=\"51c674c\" data-element_type=\"widget\" data-widget_type=\"spacer.default\">\n\t\t\t\t<div class=\"elementor-widget-container\">\n\t\t\t\t\t<div class=\"elementor-spacer\">\n\t\t\t<div class=\"elementor-spacer-inner\"><\/div>\n\t\t<\/div>\n\t\t\t\t<\/div>\n\t\t\t\t<\/div>\n\t\t\t\t<div class=\"elementor-element elementor-element-b7ac1f3 elementor-hidden-mobile elementor-widget elementor-widget-spacer\" data-id=\"b7ac1f3\" data-element_type=\"widget\" data-widget_type=\"spacer.default\">\n\t\t\t\t<div class=\"elementor-widget-container\">\n\t\t\t\t\t<div class=\"elementor-spacer\">\n\t\t\t<div class=\"elementor-spacer-inner\"><\/div>\n\t\t<\/div>\n\t\t\t\t<\/div>\n\t\t\t\t<\/div>\n\t\t\t\t<div class=\"elementor-element elementor-element-cf1df0b elementor-hidden-tablet elementor-hidden-mobile elementor-widget elementor-widget-image\" data-id=\"cf1df0b\" data-element_type=\"widget\" data-widget_type=\"image.default\">\n\t\t\t\t<div class=\"elementor-widget-container\">\n\t\t\t\t\t\t\t\t<div class=\"elementor-image\">\n\t\t\t\t\t\t\t\t\t\t\t\t<img width=\"1024\" height=\"1024\" src=\"https:\/\/www.beschaeftigungstherapie.org\/wp-content\/uploads\/2024\/01\/umit-for-web-1024x1024.jpg\" class=\"attachment-large size-large\" alt=\"\" loading=\"lazy\" srcset=\"https:\/\/www.beschaeftigungstherapie.org\/wp-content\/uploads\/2024\/01\/umit-for-web-1024x1024.jpg 1024w, https:\/\/www.beschaeftigungstherapie.org\/wp-content\/uploads\/2024\/01\/umit-for-web-300x300.jpg 300w, https:\/\/www.beschaeftigungstherapie.org\/wp-content\/uploads\/2024\/01\/umit-for-web-150x150.jpg 150w, https:\/\/www.beschaeftigungstherapie.org\/wp-content\/uploads\/2024\/01\/umit-for-web-768x768.jpg 768w, https:\/\/www.beschaeftigungstherapie.org\/wp-content\/uploads\/2024\/01\/umit-for-web-12x12.jpg 12w, https:\/\/www.beschaeftigungstherapie.org\/wp-content\/uploads\/2024\/01\/umit-for-web-1320x1320.jpg 1320w, https:\/\/www.beschaeftigungstherapie.org\/wp-content\/uploads\/2024\/01\/umit-for-web-600x600.jpg 600w, https:\/\/www.beschaeftigungstherapie.org\/wp-content\/uploads\/2024\/01\/umit-for-web-100x100.jpg 100w, https:\/\/www.beschaeftigungstherapie.org\/wp-content\/uploads\/2024\/01\/umit-for-web.jpg 1512w\" sizes=\"(max-width: 1024px) 100vw, 1024px\" \/>\t\t\t\t\t\t\t\t\t\t\t\t\t\t<\/div>\n\t\t\t\t\t\t<\/div>\n\t\t\t\t<\/div>\n\t\t\t\t\t\t<\/div>\n\t\t\t\t\t<\/div>\n\t\t<\/div>\n\t\t\t\t\t\t\t\t<\/div>\n\t\t\t\t\t<\/div>\n\t\t<\/section>\n\t\t\t\t<section class=\"elementor-section elementor-top-section elementor-element elementor-element-32fa2ea elementor-section-boxed elementor-section-height-default elementor-section-height-default\" data-id=\"32fa2ea\" data-element_type=\"section\">\n\t\t\t\t\t\t<div class=\"elementor-container elementor-column-gap-default\">\n\t\t\t\t\t\t\t<div class=\"elementor-row\">\n\t\t\t\t\t<div class=\"elementor-column elementor-col-100 elementor-top-column elementor-element elementor-element-b74a440\" data-id=\"b74a440\" data-element_type=\"column\">\n\t\t\t<div class=\"elementor-column-wrap elementor-element-populated\">\n\t\t\t\t\t\t\t<div class=\"elementor-widget-wrap\">\n\t\t\t\t\t\t<div class=\"elementor-element elementor-element-97ff67c elementor-widget-divider--view-line elementor-widget elementor-widget-divider\" data-id=\"97ff67c\" data-element_type=\"widget\" data-widget_type=\"divider.default\">\n\t\t\t\t<div class=\"elementor-widget-container\">\n\t\t\t\t\t<div class=\"elementor-divider\">\n\t\t\t<span class=\"elementor-divider-separator\">\n\t\t\t\t\t\t<\/span>\n\t\t<\/div>\n\t\t\t\t<\/div>\n\t\t\t\t<\/div>\n\t\t\t\t\t\t<\/div>\n\t\t\t\t\t<\/div>\n\t\t<\/div>\n\t\t\t\t\t\t\t\t<\/div>\n\t\t\t\t\t<\/div>\n\t\t<\/section>\n\t\t\t\t<section class=\"elementor-section elementor-top-section elementor-element elementor-element-c76efa6 elementor-section-boxed elementor-section-height-default elementor-section-height-default\" data-id=\"c76efa6\" data-element_type=\"section\">\n\t\t\t\t\t\t<div class=\"elementor-container elementor-column-gap-default\">\n\t\t\t\t\t\t\t<div class=\"elementor-row\">\n\t\t\t\t\t<div class=\"elementor-column elementor-col-50 elementor-top-column elementor-element elementor-element-477f4db\" data-id=\"477f4db\" data-element_type=\"column\">\n\t\t\t<div class=\"elementor-column-wrap elementor-element-populated\">\n\t\t\t\t\t\t\t<div class=\"elementor-widget-wrap\">\n\t\t\t\t\t\t<div class=\"elementor-element elementor-element-af3cfed elementor-view-default elementor-widget elementor-widget-icon\" data-id=\"af3cfed\" data-element_type=\"widget\" data-widget_type=\"icon.default\">\n\t\t\t\t<div class=\"elementor-widget-container\">\n\t\t\t\t\t<div class=\"elementor-icon-wrapper\">\n\t\t\t<a class=\"elementor-icon\" href=\"https:\/\/www.instagram.com\/lazykid.music\/\">\n\t\t\t<i aria-hidden=\"true\" class=\"fab fa-instagram\"><\/i>\t\t\t<\/a>\n\t\t<\/div>\n\t\t\t\t<\/div>\n\t\t\t\t<\/div>\n\t\t\t\t\t\t<\/div>\n\t\t\t\t\t<\/div>\n\t\t<\/div>\n\t\t\t\t<div class=\"elementor-column elementor-col-50 elementor-top-column elementor-element elementor-element-6d899eb\" data-id=\"6d899eb\" data-element_type=\"column\">\n\t\t\t<div class=\"elementor-column-wrap elementor-element-populated\">\n\t\t\t\t\t\t\t<div class=\"elementor-widget-wrap\">\n\t\t\t\t\t\t<div class=\"elementor-element elementor-element-559cd0c elementor-view-default elementor-widget elementor-widget-icon\" data-id=\"559cd0c\" data-element_type=\"widget\" data-widget_type=\"icon.default\">\n\t\t\t\t<div class=\"elementor-widget-container\">\n\t\t\t\t\t<div class=\"elementor-icon-wrapper\">\n\t\t\t<a class=\"elementor-icon\" href=\"https:\/\/soundcloud.com\/lazykid089\">\n\t\t\t<i aria-hidden=\"true\" class=\"fab fa-soundcloud\"><\/i>\t\t\t<\/a>\n\t\t<\/div>\n\t\t\t\t<\/div>\n\t\t\t\t<\/div>\n\t\t\t\t\t\t<\/div>\n\t\t\t\t\t<\/div>\n\t\t<\/div>\n\t\t\t\t\t\t\t\t<\/div>\n\t\t\t\t\t<\/div>\n\t\t<\/section>\n\t\t\t\t<section class=\"elementor-section elementor-top-section elementor-element elementor-element-003c096 elementor-section-boxed elementor-section-height-default elementor-section-height-default\" data-id=\"003c096\" data-element_type=\"section\">\n\t\t\t\t\t\t<div class=\"elementor-container elementor-column-gap-default\">\n\t\t\t\t\t\t\t<div class=\"elementor-row\">\n\t\t\t\t\t<div class=\"elementor-column elementor-col-100 elementor-top-column elementor-element elementor-element-4328a4e\" data-id=\"4328a4e\" data-element_type=\"column\">\n\t\t\t<div class=\"elementor-column-wrap elementor-element-populated\">\n\t\t\t\t\t\t\t<div class=\"elementor-widget-wrap\">\n\t\t\t\t\t\t<div class=\"elementor-element elementor-element-fdcf1fc elementor-align-center elementor-widget elementor-widget-button\" data-id=\"fdcf1fc\" data-element_type=\"widget\" data-widget_type=\"button.default\">\n\t\t\t\t<div class=\"elementor-widget-container\">\n\t\t\t\t\t<div class=\"elementor-button-wrapper\">\n\t\t\t<a href=\"https:\/\/drive.google.com\/drive\/u\/0\/folders\/1qjaRn15swexCDjDX-w3hYtCGvLGbFn6J\" class=\"elementor-button-link elementor-button elementor-size-sm\" role=\"button\">\n\t\t\t\t\t\t<span class=\"elementor-button-content-wrapper\">\n\t\t\t\t\t\t<span class=\"elementor-button-text\">Presskit<\/span>\n\t\t<\/span>\n\t\t\t\t\t<\/a>\n\t\t<\/div>\n\t\t\t\t<\/div>\n\t\t\t\t<\/div>\n\t\t\t\t\t\t<\/div>\n\t\t\t\t\t<\/div>\n\t\t<\/div>\n\t\t\t\t\t\t\t\t<\/div>\n\t\t\t\t\t<\/div>\n\t\t<\/section>\n\t\t\t\t<section class=\"elementor-section elementor-top-section elementor-element elementor-element-5106737 elementor-section-boxed elementor-section-height-default elementor-section-height-default\" data-id=\"5106737\" data-element_type=\"section\">\n\t\t\t\t\t\t<div class=\"elementor-container elementor-column-gap-default\">\n\t\t\t\t\t\t\t<div class=\"elementor-row\">\n\t\t\t\t\t<div class=\"elementor-column elementor-col-100 elementor-top-column elementor-element elementor-element-1805a49\" data-id=\"1805a49\" data-element_type=\"column\">\n\t\t\t<div class=\"elementor-column-wrap elementor-element-populated\">\n\t\t\t\t\t\t\t<div class=\"elementor-widget-wrap\">\n\t\t\t\t\t\t<div class=\"elementor-element elementor-element-f73ce63 elementor-widget elementor-widget-spacer\" data-id=\"f73ce63\" data-element_type=\"widget\" data-widget_type=\"spacer.default\">\n\t\t\t\t<div class=\"elementor-widget-container\">\n\t\t\t\t\t<div class=\"elementor-spacer\">\n\t\t\t<div class=\"elementor-spacer-inner\"><\/div>\n\t\t<\/div>\n\t\t\t\t<\/div>\n\t\t\t\t<\/div>\n\t\t\t\t\t\t<\/div>\n\t\t\t\t\t<\/div>\n\t\t<\/div>\n\t\t\t\t\t\t\t\t<\/div>\n\t\t\t\t\t<\/div>\n\t\t<\/section>\n\t\t\t\t<section class=\"elementor-section elementor-top-section elementor-element elementor-element-0eb7bcb elementor-section-boxed elementor-section-height-default elementor-section-height-default\" data-id=\"0eb7bcb\" data-element_type=\"section\">\n\t\t\t\t\t\t<div class=\"elementor-container elementor-column-gap-default\">\n\t\t\t\t\t\t\t<div class=\"elementor-row\">\n\t\t\t\t\t<div class=\"elementor-column elementor-col-100 elementor-top-column elementor-element elementor-element-e70668b\" data-id=\"e70668b\" data-element_type=\"column\">\n\t\t\t<div class=\"elementor-column-wrap elementor-element-populated\">\n\t\t\t\t\t\t\t<div class=\"elementor-widget-wrap\">\n\t\t\t\t\t\t<div class=\"elementor-element elementor-element-7c7ff00 elementor-widget-divider--view-line elementor-widget elementor-widget-divider\" data-id=\"7c7ff00\" data-element_type=\"widget\" data-widget_type=\"divider.default\">\n\t\t\t\t<div class=\"elementor-widget-container\">\n\t\t\t\t\t<div class=\"elementor-divider\">\n\t\t\t<span class=\"elementor-divider-separator\">\n\t\t\t\t\t\t<\/span>\n\t\t<\/div>\n\t\t\t\t<\/div>\n\t\t\t\t<\/div>\n\t\t\t\t\t\t<\/div>\n\t\t\t\t\t<\/div>\n\t\t<\/div>\n\t\t\t\t\t\t\t\t<\/div>\n\t\t\t\t\t<\/div>\n\t\t<\/section>\n\t\t\t\t\t\t<\/div>\n\t\t\t\t\t\t<\/div>\n\t\t\t\t\t<\/div>","protected":false},"excerpt":{"rendered":"<p>LAZYKID Lazykid ist ein DJ und Produzent aus M\u00fcnchen, der aus purer Faulheit Jahre brauchte, um seinen ersten Track zu produzieren.\u00a0 Sobald er aber hinter den Decks steht ist es mit der Faulheit vorbei, denn mitseinem unverkennbaren Sound und seinen ansteckenden Tanzbewegungenschafft er es die Tanzfl\u00e4che zum Kochen zu bringen. Sein Vorteil: Er ist nichtnur &hellip;<\/p>\n<p class=\"read-more\"> <a class=\"\" href=\"https:\/\/www.beschaeftigungstherapie.org\/en\/lazykid\/\"> <span class=\"screen-reader-text\">LAZYKID<\/span> Read More &raquo;<\/a><\/p>","protected":false},"author":1,"featured_media":0,"parent":0,"menu_order":0,"comment_status":"closed","ping_status":"closed","template":"","meta":{"site-sidebar-layout":"no-sidebar","site-content-layout":"page-builder","ast-global-header-display":"","ast-main-header-display":"","ast-hfb-above-header-display":"","ast-hfb-below-header-display":"","ast-hfb-mobile-header-display":"","site-post-title":"disabled","ast-breadcrumbs-content":"","ast-featured-img":"disabled","footer-sml-layout":"","theme-transparent-header-meta":"","adv-header-id-meta":"","stick-header-meta":"","header-above-stick-meta":"","header-main-stick-meta":"","header-below-stick-meta":"","spay_email":""},"yoast_head":"<!-- This site is optimized with the Yoast SEO plugin v19.2 - https:\/\/yoast.com\/wordpress\/plugins\/seo\/ -->\n<title>LAZYKID -<\/title>\n<meta name=\"robots\" content=\"noindex, follow, max-snippet:-1, max-image-preview:large, max-video-preview:-1\" \/>\n<meta property=\"og:locale\" content=\"en_US\" \/>\n<meta property=\"og:type\" content=\"article\" \/>\n<meta property=\"og:title\" content=\"LAZYKID -\" \/>\n<meta property=\"og:description\" content=\"LAZYKID Lazykid ist ein DJ und Produzent aus M\u00fcnchen, der aus purer Faulheit Jahre brauchte, um seinen ersten Track zu produzieren.\u00a0 Sobald er aber hinter den Decks steht ist es mit der Faulheit vorbei, denn mitseinem unverkennbaren Sound und seinen ansteckenden Tanzbewegungenschafft er es die Tanzfl\u00e4che zum Kochen zu bringen. Sein Vorteil: Er ist nichtnur &hellip; LAZYKID Read More &raquo;\" \/>\n<meta property=\"og:url\" content=\"https:\/\/www.beschaeftigungstherapie.org\/en\/lazykid\/\" \/>\n<meta property=\"article:modified_time\" content=\"2024-01-12T13:16:45+00:00\" \/>\n<meta property=\"og:image\" content=\"https:\/\/www.beschaeftigungstherapie.org\/wp-content\/uploads\/2024\/01\/umit-for-web-300x300.jpg\" \/>\n<meta name=\"author\" content=\"Chris116\" \/>\n<meta name=\"twitter:card\" content=\"summary_large_image\" \/>\n<meta name=\"twitter:label1\" content=\"Est. reading time\" \/>\n\t<meta name=\"twitter:data1\" content=\"1 minute\" \/>\n<script type=\"application\/ld+json\" class=\"yoast-schema-graph\">{\"@context\":\"https:\/\/schema.org\",\"@graph\":[{\"@type\":\"WebSite\",\"@id\":\"https:\/\/www.beschaeftigungstherapie.org\/#website\",\"url\":\"https:\/\/www.beschaeftigungstherapie.org\/\",\"name\":\"\",\"description\":\"Just another WordPress site\",\"potentialAction\":[{\"@type\":\"SearchAction\",\"target\":{\"@type\":\"EntryPoint\",\"urlTemplate\":\"https:\/\/www.beschaeftigungstherapie.org\/?s={search_term_string}\"},\"query-input\":\"required name=search_term_string\"}],\"inLanguage\":\"en-US\"},{\"@type\":\"ImageObject\",\"inLanguage\":\"en-US\",\"@id\":\"https:\/\/www.beschaeftigungstherapie.org\/lazykid\/#primaryimage\",\"url\":\"https:\/\/www.beschaeftigungstherapie.org\/wp-content\/uploads\/2024\/01\/umit-for-web.jpg\",\"contentUrl\":\"https:\/\/www.beschaeftigungstherapie.org\/wp-content\/uploads\/2024\/01\/umit-for-web.jpg\",\"width\":1512,\"height\":1512},{\"@type\":\"WebPage\",\"@id\":\"https:\/\/www.beschaeftigungstherapie.org\/lazykid\/#webpage\",\"url\":\"https:\/\/www.beschaeftigungstherapie.org\/lazykid\/\",\"name\":\"LAZYKID -\",\"isPartOf\":{\"@id\":\"https:\/\/www.beschaeftigungstherapie.org\/#website\"},\"primaryImageOfPage\":{\"@id\":\"https:\/\/www.beschaeftigungstherapie.org\/lazykid\/#primaryimage\"},\"datePublished\":\"2024-01-09T14:25:06+00:00\",\"dateModified\":\"2024-01-12T13:16:45+00:00\",\"breadcrumb\":{\"@id\":\"https:\/\/www.beschaeftigungstherapie.org\/lazykid\/#breadcrumb\"},\"inLanguage\":\"en-US\",\"potentialAction\":[{\"@type\":\"ReadAction\",\"target\":[\"https:\/\/www.beschaeftigungstherapie.org\/lazykid\/\"]}]},{\"@type\":\"BreadcrumbList\",\"@id\":\"https:\/\/www.beschaeftigungstherapie.org\/lazykid\/#breadcrumb\",\"itemListElement\":[{\"@type\":\"ListItem\",\"position\":1,\"name\":\"Home\",\"item\":\"https:\/\/www.beschaeftigungstherapie.org\/\"},{\"@type\":\"ListItem\",\"position\":2,\"name\":\"LAZYKID\"}]}]}<\/script>\n<!-- \/ Yoast SEO plugin. -->","yoast_head_json":{"title":"LAZYKID -","robots":{"index":"noindex","follow":"follow","max-snippet":"max-snippet:-1","max-image-preview":"max-image-preview:large","max-video-preview":"max-video-preview:-1"},"og_locale":"en_US","og_type":"article","og_title":"LAZYKID -","og_description":"LAZYKID Lazykid ist ein DJ und Produzent aus M\u00fcnchen, der aus purer Faulheit Jahre brauchte, um seinen ersten Track zu produzieren.\u00a0 Sobald er aber hinter den Decks steht ist es mit der Faulheit vorbei, denn mitseinem unverkennbaren Sound und seinen ansteckenden Tanzbewegungenschafft er es die Tanzfl\u00e4che zum Kochen zu bringen. Sein Vorteil: Er ist nichtnur &hellip; LAZYKID Read More &raquo;","og_url":"https:\/\/www.beschaeftigungstherapie.org\/en\/lazykid\/","article_modified_time":"2024-01-12T13:16:45+00:00","og_image":[{"url":"https:\/\/www.beschaeftigungstherapie.org\/wp-content\/uploads\/2024\/01\/umit-for-web-300x300.jpg"}],"author":"Chris116","twitter_card":"summary_large_image","twitter_misc":{"Est. reading time":"1 minute"},"schema":{"@context":"https:\/\/schema.org","@graph":[{"@type":"WebSite","@id":"https:\/\/www.beschaeftigungstherapie.org\/#website","url":"https:\/\/www.beschaeftigungstherapie.org\/","name":"","description":"Just another WordPress site","potentialAction":[{"@type":"SearchAction","target":{"@type":"EntryPoint","urlTemplate":"https:\/\/www.beschaeftigungstherapie.org\/?s={search_term_string}"},"query-input":"required name=search_term_string"}],"inLanguage":"en-US"},{"@type":"ImageObject","inLanguage":"en-US","@id":"https:\/\/www.beschaeftigungstherapie.org\/lazykid\/#primaryimage","url":"https:\/\/www.beschaeftigungstherapie.org\/wp-content\/uploads\/2024\/01\/umit-for-web.jpg","contentUrl":"https:\/\/www.beschaeftigungstherapie.org\/wp-content\/uploads\/2024\/01\/umit-for-web.jpg","width":1512,"height":1512},{"@type":"WebPage","@id":"https:\/\/www.beschaeftigungstherapie.org\/lazykid\/#webpage","url":"https:\/\/www.beschaeftigungstherapie.org\/lazykid\/","name":"LAZYKID -","isPartOf":{"@id":"https:\/\/www.beschaeftigungstherapie.org\/#website"},"primaryImageOfPage":{"@id":"https:\/\/www.beschaeftigungstherapie.org\/lazykid\/#primaryimage"},"datePublished":"2024-01-09T14:25:06+00:00","dateModified":"2024-01-12T13:16:45+00:00","breadcrumb":{"@id":"https:\/\/www.beschaeftigungstherapie.org\/lazykid\/#breadcrumb"},"inLanguage":"en-US","potentialAction":[{"@type":"ReadAction","target":["https:\/\/www.beschaeftigungstherapie.org\/lazykid\/"]}]},{"@type":"BreadcrumbList","@id":"https:\/\/www.beschaeftigungstherapie.org\/lazykid\/#breadcrumb","itemListElement":[{"@type":"ListItem","position":1,"name":"Home","item":"https:\/\/www.beschaeftigungstherapie.org\/"},{"@type":"ListItem","position":2,"name":"LAZYKID"}]}]}},"_links":{"self":[{"href":"https:\/\/www.beschaeftigungstherapie.org\/en\/wp-json\/wp\/v2\/pages\/1059"}],"collection":[{"href":"https:\/\/www.beschaeftigungstherapie.org\/en\/wp-json\/wp\/v2\/pages"}],"about":[{"href":"https:\/\/www.beschaeftigungstherapie.org\/en\/wp-json\/wp\/v2\/types\/page"}],"author":[{"embeddable":true,"href":"https:\/\/www.beschaeftigungstherapie.org\/en\/wp-json\/wp\/v2\/users\/1"}],"replies":[{"embeddable":true,"href":"https:\/\/www.beschaeftigungstherapie.org\/en\/wp-json\/wp\/v2\/comments?post=1059"}],"version-history":[{"count":29,"href":"https:\/\/www.beschaeftigungstherapie.org\/en\/wp-json\/wp\/v2\/pages\/1059\/revisions"}],"predecessor-version":[{"id":1166,"href":"https:\/\/www.beschaeftigungstherapie.org\/en\/wp-json\/wp\/v2\/pages\/1059\/revisions\/1166"}],"wp:attachment":[{"href":"https:\/\/www.beschaeftigungstherapie.org\/en\/wp-json\/wp\/v2\/media?parent=1059"}],"curies":[{"name":"wp","href":"https:\/\/api.w.org\/{rel}","templated":true}]}}