{"id":12,"date":"2021-10-16T14:10:41","date_gmt":"2021-10-16T14:10:41","guid":{"rendered":"https:\/\/www.beschaeftigungstherapie.org\/?page_id=12"},"modified":"2023-04-26T16:38:19","modified_gmt":"2023-04-26T16:38:19","slug":"next-parties","status":"publish","type":"page","link":"https:\/\/www.beschaeftigungstherapie.org\/en\/next-parties\/","title":{"rendered":"Next Party"},"content":{"rendered":"<div data-elementor-type=\"wp-page\" data-elementor-id=\"12\" class=\"elementor elementor-12\" data-elementor-settings=\"[]\">\n\t\t\t\t\t\t<div class=\"elementor-inner\">\n\t\t\t\t\t\t\t<div class=\"elementor-section-wrap\">\n\t\t\t\t\t\t\t<section class=\"elementor-section elementor-top-section elementor-element elementor-element-278ed1c elementor-section-boxed elementor-section-height-default elementor-section-height-default\" data-id=\"278ed1c\" data-element_type=\"section\">\n\t\t\t\t\t\t<div class=\"elementor-container elementor-column-gap-default\">\n\t\t\t\t\t\t\t<div class=\"elementor-row\">\n\t\t\t\t\t<div class=\"elementor-column elementor-col-100 elementor-top-column elementor-element elementor-element-d9f695c\" data-id=\"d9f695c\" data-element_type=\"column\">\n\t\t\t<div class=\"elementor-column-wrap elementor-element-populated\">\n\t\t\t\t\t\t\t<div class=\"elementor-widget-wrap\">\n\t\t\t\t\t\t<div class=\"elementor-element elementor-element-2888526 elementor-widget elementor-widget-spacer\" data-id=\"2888526\" data-element_type=\"widget\" data-widget_type=\"spacer.default\">\n\t\t\t\t<div class=\"elementor-widget-container\">\n\t\t\t\t\t<div class=\"elementor-spacer\">\n\t\t\t<div class=\"elementor-spacer-inner\"><\/div>\n\t\t<\/div>\n\t\t\t\t<\/div>\n\t\t\t\t<\/div>\n\t\t\t\t<div class=\"elementor-element elementor-element-4944de1 elementor-widget elementor-widget-heading\" data-id=\"4944de1\" data-element_type=\"widget\" data-widget_type=\"heading.default\">\n\t\t\t\t<div class=\"elementor-widget-container\">\n\t\t\t<h2 class=\"elementor-heading-title elementor-size-default\">NEXT PARTY<\/h2>\t\t<\/div>\n\t\t\t\t<\/div>\n\t\t\t\t<div class=\"elementor-element elementor-element-5c8e57b elementor-widget elementor-widget-spacer\" data-id=\"5c8e57b\" data-element_type=\"widget\" data-widget_type=\"spacer.default\">\n\t\t\t\t<div class=\"elementor-widget-container\">\n\t\t\t\t\t<div class=\"elementor-spacer\">\n\t\t\t<div class=\"elementor-spacer-inner\"><\/div>\n\t\t<\/div>\n\t\t\t\t<\/div>\n\t\t\t\t<\/div>\n\t\t\t\t\t\t<\/div>\n\t\t\t\t\t<\/div>\n\t\t<\/div>\n\t\t\t\t\t\t\t\t<\/div>\n\t\t\t\t\t<\/div>\n\t\t<\/section>\n\t\t\t\t<section class=\"elementor-section elementor-top-section elementor-element elementor-element-c8d4ee1 elementor-section-boxed elementor-section-height-default elementor-section-height-default\" data-id=\"c8d4ee1\" data-element_type=\"section\">\n\t\t\t\t\t\t<div class=\"elementor-container elementor-column-gap-default\">\n\t\t\t\t\t\t\t<div class=\"elementor-row\">\n\t\t\t\t\t<div class=\"elementor-column elementor-col-50 elementor-top-column elementor-element elementor-element-2082593\" data-id=\"2082593\" data-element_type=\"column\">\n\t\t\t<div class=\"elementor-column-wrap elementor-element-populated\">\n\t\t\t\t\t\t\t<div class=\"elementor-widget-wrap\">\n\t\t\t\t\t\t<div class=\"elementor-element elementor-element-05f4bf7 elementor-widget elementor-widget-image\" data-id=\"05f4bf7\" data-element_type=\"widget\" data-widget_type=\"image.default\">\n\t\t\t\t<div class=\"elementor-widget-container\">\n\t\t\t\t\t\t\t\t<div class=\"elementor-image\">\n\t\t\t\t\t\t\t\t\t\t\t\t<img width=\"540\" height=\"675\" src=\"https:\/\/www.beschaeftigungstherapie.org\/wp-content\/uploads\/2023\/04\/final.jpg\" class=\"attachment-large size-large\" alt=\"\" loading=\"lazy\" srcset=\"https:\/\/www.beschaeftigungstherapie.org\/wp-content\/uploads\/2023\/04\/final.jpg 540w, https:\/\/www.beschaeftigungstherapie.org\/wp-content\/uploads\/2023\/04\/final-240x300.jpg 240w, https:\/\/www.beschaeftigungstherapie.org\/wp-content\/uploads\/2023\/04\/final-10x12.jpg 10w\" sizes=\"(max-width: 540px) 100vw, 540px\" \/>\t\t\t\t\t\t\t\t\t\t\t\t\t\t<\/div>\n\t\t\t\t\t\t<\/div>\n\t\t\t\t<\/div>\n\t\t\t\t\t\t<\/div>\n\t\t\t\t\t<\/div>\n\t\t<\/div>\n\t\t\t\t<div class=\"elementor-column elementor-col-50 elementor-top-column elementor-element elementor-element-ed854a0\" data-id=\"ed854a0\" data-element_type=\"column\">\n\t\t\t<div class=\"elementor-column-wrap elementor-element-populated\">\n\t\t\t\t\t\t\t<div class=\"elementor-widget-wrap\">\n\t\t\t\t\t\t<div class=\"elementor-element elementor-element-3ea73bc elementor-widget elementor-widget-text-editor\" data-id=\"3ea73bc\" data-element_type=\"widget\" data-widget_type=\"text-editor.default\">\n\t\t\t\t<div class=\"elementor-widget-container\">\n\t\t\t\t\t\t\t\t<div class=\"elementor-text-editor elementor-clearfix\">\n\t\t\t\t<p>\u00a0<\/p><p>\u00a0<\/p><p>TheSundayNightDanceExperience@KitKatClub<\/p><p>Am Sonntag den 30. April tanzen wir in den Mai. Der KitKatClub \u00f6ffnet nicht nur f\u00fcr Schlafwandler und Monds\u00fcchtige ab 22 Uhr seine Tore.<\/p><p>Besch\u00e4ftigungstherapie Showcase mit:<\/p><p>justUS \u00b7 Chris Plettenberg \u00b7 Katzengold \u00b7 Fab Massimo \u00b7 TraumaMia<\/p><p>Kein strenger Dresscode \u2026 sei du selbst!<\/p><p>Adresse:<br \/><span style=\"font-size: 15px; font-family: var( --e-global-typography-text-font-family ), Sans-serif;\">K\u00f6penicker Str. 18-20 10997 Kreuzberg<\/span><\/p>\t\t\t\t\t<\/div>\n\t\t\t\t\t\t<\/div>\n\t\t\t\t<\/div>\n\t\t\t\t<div class=\"elementor-element elementor-element-d0d54fd elementor-icon-list--layout-inline elementor-align-center elementor-list-item-link-full_width elementor-widget elementor-widget-icon-list\" data-id=\"d0d54fd\" data-element_type=\"widget\" data-widget_type=\"icon-list.default\">\n\t\t\t\t<div class=\"elementor-widget-container\">\n\t\t\t\t\t<ul class=\"elementor-icon-list-items elementor-inline-items\">\n\t\t\t\t\t\t\t<li class=\"elementor-icon-list-item elementor-inline-item\">\n\t\t\t\t\t\t\t\t\t\t\t<a href=\"https:\/\/www.facebook.com\/events\/887669395648382\">\n\n\t\t\t\t\t\t\t\t\t\t\t\t<span class=\"elementor-icon-list-icon\">\n\t\t\t\t\t\t\t<i aria-hidden=\"true\" class=\"fab fa-facebook\"><\/i>\t\t\t\t\t\t<\/span>\n\t\t\t\t\t\t\t\t\t\t<span class=\"elementor-icon-list-text\"><\/span>\n\t\t\t\t\t\t\t\t\t\t\t<\/a>\n\t\t\t\t\t\t\t\t\t<\/li>\n\t\t\t\t\t\t\t\t<li class=\"elementor-icon-list-item elementor-inline-item\">\n\t\t\t\t\t\t\t\t\t\t\t<a href=\"https:\/\/www.instagram.com\/beschaeftigungstherapie\/\">\n\n\t\t\t\t\t\t\t\t\t\t\t\t<span class=\"elementor-icon-list-icon\">\n\t\t\t\t\t\t\t<i aria-hidden=\"true\" class=\"fab fa-instagram\"><\/i>\t\t\t\t\t\t<\/span>\n\t\t\t\t\t\t\t\t\t\t<span class=\"elementor-icon-list-text\"><\/span>\n\t\t\t\t\t\t\t\t\t\t\t<\/a>\n\t\t\t\t\t\t\t\t\t<\/li>\n\t\t\t\t\t\t<\/ul>\n\t\t\t\t<\/div>\n\t\t\t\t<\/div>\n\t\t\t\t\t\t<\/div>\n\t\t\t\t\t<\/div>\n\t\t<\/div>\n\t\t\t\t\t\t\t\t<\/div>\n\t\t\t\t\t<\/div>\n\t\t<\/section>\n\t\t\t\t<section class=\"elementor-section elementor-top-section elementor-element elementor-element-cb7a277 elementor-section-boxed elementor-section-height-default elementor-section-height-default\" data-id=\"cb7a277\" data-element_type=\"section\">\n\t\t\t\t\t\t<div class=\"elementor-container elementor-column-gap-default\">\n\t\t\t\t\t\t\t<div class=\"elementor-row\">\n\t\t\t\t\t<div class=\"elementor-column elementor-col-100 elementor-top-column elementor-element elementor-element-adb74f6\" data-id=\"adb74f6\" data-element_type=\"column\">\n\t\t\t<div class=\"elementor-column-wrap\">\n\t\t\t\t\t\t\t<div class=\"elementor-widget-wrap\">\n\t\t\t\t\t\t\t\t<\/div>\n\t\t\t\t\t<\/div>\n\t\t<\/div>\n\t\t\t\t\t\t\t\t<\/div>\n\t\t\t\t\t<\/div>\n\t\t<\/section>\n\t\t\t\t\t\t<\/div>\n\t\t\t\t\t\t<\/div>\n\t\t\t\t\t<\/div>","protected":false},"excerpt":{"rendered":"<p>N\u00c4CHSTE PARTY \u00a0 \u00a0 TheSundayNightDanceExperience@KitKatClub Am Sonntag den 30. April tanzen wir in den Mai. Der KitKatClub \u00f6ffnet nicht nur f\u00fcr Schlafwandler und Monds\u00fcchtige ab 22 Uhr seine Tore. Besch\u00e4ftigungstherapie Showcase mit: justUS \u00b7 Chris Plettenberg \u00b7 Katzengold \u00b7 Fab Massimo \u00b7 TraumaMia Kein strenger Dresscode \u2026 sei du selbst! Adresse:K\u00f6penicker Str. 18-20 10997 Kreuzberg<\/p>","protected":false},"author":1,"featured_media":0,"parent":0,"menu_order":0,"comment_status":"closed","ping_status":"closed","template":"","meta":{"site-sidebar-layout":"no-sidebar","site-content-layout":"page-builder","ast-global-header-display":"","ast-main-header-display":"","ast-hfb-above-header-display":"","ast-hfb-below-header-display":"","ast-hfb-mobile-header-display":"","site-post-title":"disabled","ast-breadcrumbs-content":"","ast-featured-img":"disabled","footer-sml-layout":"","theme-transparent-header-meta":"default","adv-header-id-meta":"","stick-header-meta":"","header-above-stick-meta":"","header-main-stick-meta":"","header-below-stick-meta":"","spay_email":""},"yoast_head":"<!-- This site is optimized with the Yoast SEO plugin v19.2 - https:\/\/yoast.com\/wordpress\/plugins\/seo\/ -->\n<title>N\u00e4chste Party -<\/title>\n<meta name=\"robots\" content=\"noindex, follow, max-snippet:-1, max-image-preview:large, max-video-preview:-1\" \/>\n<meta property=\"og:locale\" content=\"en_US\" \/>\n<meta property=\"og:type\" content=\"article\" \/>\n<meta property=\"og:title\" content=\"N\u00e4chste Party -\" \/>\n<meta property=\"og:description\" content=\"N\u00c4CHSTE PARTY \u00a0 \u00a0 TheSundayNightDanceExperience@KitKatClub Am Sonntag den 30. April tanzen wir in den Mai. Der KitKatClub \u00f6ffnet nicht nur f\u00fcr Schlafwandler und Monds\u00fcchtige ab 22 Uhr seine Tore. Besch\u00e4ftigungstherapie Showcase mit: justUS \u00b7 Chris Plettenberg \u00b7 Katzengold \u00b7 Fab Massimo \u00b7 TraumaMia Kein strenger Dresscode \u2026 sei du selbst! Adresse:K\u00f6penicker Str. 18-20 10997 Kreuzberg\" \/>\n<meta property=\"og:url\" content=\"https:\/\/www.beschaeftigungstherapie.org\/en\/next-parties\/\" \/>\n<meta property=\"article:modified_time\" content=\"2023-04-26T16:38:19+00:00\" \/>\n<meta property=\"og:image\" content=\"https:\/\/www.beschaeftigungstherapie.org\/wp-content\/uploads\/2023\/04\/final.jpg\" \/>\n<meta name=\"author\" content=\"Chris116\" \/>\n<meta name=\"twitter:card\" content=\"summary_large_image\" \/>\n<meta name=\"twitter:label1\" content=\"Est. reading time\" \/>\n\t<meta name=\"twitter:data1\" content=\"1 minute\" \/>\n<script type=\"application\/ld+json\" class=\"yoast-schema-graph\">{\"@context\":\"https:\/\/schema.org\",\"@graph\":[{\"@type\":\"WebSite\",\"@id\":\"https:\/\/www.beschaeftigungstherapie.org\/#website\",\"url\":\"https:\/\/www.beschaeftigungstherapie.org\/\",\"name\":\"\",\"description\":\"Just another WordPress site\",\"potentialAction\":[{\"@type\":\"SearchAction\",\"target\":{\"@type\":\"EntryPoint\",\"urlTemplate\":\"https:\/\/www.beschaeftigungstherapie.org\/?s={search_term_string}\"},\"query-input\":\"required name=search_term_string\"}],\"inLanguage\":\"en-US\"},{\"@type\":\"ImageObject\",\"inLanguage\":\"en-US\",\"@id\":\"https:\/\/www.beschaeftigungstherapie.org\/next-parties\/#primaryimage\",\"url\":\"https:\/\/www.beschaeftigungstherapie.org\/wp-content\/uploads\/2023\/04\/final.jpg\",\"contentUrl\":\"https:\/\/www.beschaeftigungstherapie.org\/wp-content\/uploads\/2023\/04\/final.jpg\",\"width\":540,\"height\":675},{\"@type\":\"WebPage\",\"@id\":\"https:\/\/www.beschaeftigungstherapie.org\/next-parties\/#webpage\",\"url\":\"https:\/\/www.beschaeftigungstherapie.org\/next-parties\/\",\"name\":\"N\u00e4chste Party -\",\"isPartOf\":{\"@id\":\"https:\/\/www.beschaeftigungstherapie.org\/#website\"},\"primaryImageOfPage\":{\"@id\":\"https:\/\/www.beschaeftigungstherapie.org\/next-parties\/#primaryimage\"},\"datePublished\":\"2021-10-16T14:10:41+00:00\",\"dateModified\":\"2023-04-26T16:38:19+00:00\",\"breadcrumb\":{\"@id\":\"https:\/\/www.beschaeftigungstherapie.org\/next-parties\/#breadcrumb\"},\"inLanguage\":\"en-US\",\"potentialAction\":[{\"@type\":\"ReadAction\",\"target\":[\"https:\/\/www.beschaeftigungstherapie.org\/next-parties\/\"]}]},{\"@type\":\"BreadcrumbList\",\"@id\":\"https:\/\/www.beschaeftigungstherapie.org\/next-parties\/#breadcrumb\",\"itemListElement\":[{\"@type\":\"ListItem\",\"position\":1,\"name\":\"Home\",\"item\":\"https:\/\/www.beschaeftigungstherapie.org\/\"},{\"@type\":\"ListItem\",\"position\":2,\"name\":\"N\u00e4chste Party\"}]}]}<\/script>\n<!-- \/ Yoast SEO plugin. -->","yoast_head_json":{"title":"N\u00e4chste Party -","robots":{"index":"noindex","follow":"follow","max-snippet":"max-snippet:-1","max-image-preview":"max-image-preview:large","max-video-preview":"max-video-preview:-1"},"og_locale":"en_US","og_type":"article","og_title":"N\u00e4chste Party -","og_description":"N\u00c4CHSTE PARTY \u00a0 \u00a0 TheSundayNightDanceExperience@KitKatClub Am Sonntag den 30. April tanzen wir in den Mai. Der KitKatClub \u00f6ffnet nicht nur f\u00fcr Schlafwandler und Monds\u00fcchtige ab 22 Uhr seine Tore. Besch\u00e4ftigungstherapie Showcase mit: justUS \u00b7 Chris Plettenberg \u00b7 Katzengold \u00b7 Fab Massimo \u00b7 TraumaMia Kein strenger Dresscode \u2026 sei du selbst! Adresse:K\u00f6penicker Str. 18-20 10997 Kreuzberg","og_url":"https:\/\/www.beschaeftigungstherapie.org\/en\/next-parties\/","article_modified_time":"2023-04-26T16:38:19+00:00","og_image":[{"url":"https:\/\/www.beschaeftigungstherapie.org\/wp-content\/uploads\/2023\/04\/final.jpg"}],"author":"Chris116","twitter_card":"summary_large_image","twitter_misc":{"Est. reading time":"1 minute"},"schema":{"@context":"https:\/\/schema.org","@graph":[{"@type":"WebSite","@id":"https:\/\/www.beschaeftigungstherapie.org\/#website","url":"https:\/\/www.beschaeftigungstherapie.org\/","name":"","description":"Just another WordPress site","potentialAction":[{"@type":"SearchAction","target":{"@type":"EntryPoint","urlTemplate":"https:\/\/www.beschaeftigungstherapie.org\/?s={search_term_string}"},"query-input":"required name=search_term_string"}],"inLanguage":"en-US"},{"@type":"ImageObject","inLanguage":"en-US","@id":"https:\/\/www.beschaeftigungstherapie.org\/next-parties\/#primaryimage","url":"https:\/\/www.beschaeftigungstherapie.org\/wp-content\/uploads\/2023\/04\/final.jpg","contentUrl":"https:\/\/www.beschaeftigungstherapie.org\/wp-content\/uploads\/2023\/04\/final.jpg","width":540,"height":675},{"@type":"WebPage","@id":"https:\/\/www.beschaeftigungstherapie.org\/next-parties\/#webpage","url":"https:\/\/www.beschaeftigungstherapie.org\/next-parties\/","name":"N\u00e4chste Party -","isPartOf":{"@id":"https:\/\/www.beschaeftigungstherapie.org\/#website"},"primaryImageOfPage":{"@id":"https:\/\/www.beschaeftigungstherapie.org\/next-parties\/#primaryimage"},"datePublished":"2021-10-16T14:10:41+00:00","dateModified":"2023-04-26T16:38:19+00:00","breadcrumb":{"@id":"https:\/\/www.beschaeftigungstherapie.org\/next-parties\/#breadcrumb"},"inLanguage":"en-US","potentialAction":[{"@type":"ReadAction","target":["https:\/\/www.beschaeftigungstherapie.org\/next-parties\/"]}]},{"@type":"BreadcrumbList","@id":"https:\/\/www.beschaeftigungstherapie.org\/next-parties\/#breadcrumb","itemListElement":[{"@type":"ListItem","position":1,"name":"Home","item":"https:\/\/www.beschaeftigungstherapie.org\/"},{"@type":"ListItem","position":2,"name":"N\u00e4chste Party"}]}]}},"_links":{"self":[{"href":"https:\/\/www.beschaeftigungstherapie.org\/en\/wp-json\/wp\/v2\/pages\/12"}],"collection":[{"href":"https:\/\/www.beschaeftigungstherapie.org\/en\/wp-json\/wp\/v2\/pages"}],"about":[{"href":"https:\/\/www.beschaeftigungstherapie.org\/en\/wp-json\/wp\/v2\/types\/page"}],"author":[{"embeddable":true,"href":"https:\/\/www.beschaeftigungstherapie.org\/en\/wp-json\/wp\/v2\/users\/1"}],"replies":[{"embeddable":true,"href":"https:\/\/www.beschaeftigungstherapie.org\/en\/wp-json\/wp\/v2\/comments?post=12"}],"version-history":[{"count":65,"href":"https:\/\/www.beschaeftigungstherapie.org\/en\/wp-json\/wp\/v2\/pages\/12\/revisions"}],"predecessor-version":[{"id":1022,"href":"https:\/\/www.beschaeftigungstherapie.org\/en\/wp-json\/wp\/v2\/pages\/12\/revisions\/1022"}],"wp:attachment":[{"href":"https:\/\/www.beschaeftigungstherapie.org\/en\/wp-json\/wp\/v2\/media?parent=12"}],"curies":[{"name":"wp","href":"https:\/\/api.w.org\/{rel}","templated":true}]}}