{"id":740,"date":"2022-10-23T07:14:03","date_gmt":"2022-10-23T07:14:03","guid":{"rendered":"https:\/\/www.beschaeftigungstherapie.org\/?page_id=740"},"modified":"2022-10-23T07:33:04","modified_gmt":"2022-10-23T07:33:04","slug":"fabmassimo","status":"publish","type":"page","link":"https:\/\/www.beschaeftigungstherapie.org\/en\/fabmassimo\/","title":{"rendered":"FAB MASSIMO"},"content":{"rendered":"<div data-elementor-type=\"wp-page\" data-elementor-id=\"740\" class=\"elementor elementor-740\" data-elementor-settings=\"[]\">\n\t\t\t\t\t\t<div class=\"elementor-inner\">\n\t\t\t\t\t\t\t<div class=\"elementor-section-wrap\">\n\t\t\t\t\t\t\t<section class=\"elementor-section elementor-top-section elementor-element elementor-element-062007e elementor-section-boxed elementor-section-height-default elementor-section-height-default\" data-id=\"062007e\" data-element_type=\"section\">\n\t\t\t\t\t\t<div class=\"elementor-container elementor-column-gap-default\">\n\t\t\t\t\t\t\t<div class=\"elementor-row\">\n\t\t\t\t\t<div class=\"elementor-column elementor-col-50 elementor-top-column elementor-element elementor-element-dd4e5e0\" data-id=\"dd4e5e0\" data-element_type=\"column\">\n\t\t\t<div class=\"elementor-column-wrap elementor-element-populated\">\n\t\t\t\t\t\t\t<div class=\"elementor-widget-wrap\">\n\t\t\t\t\t\t<div class=\"elementor-element elementor-element-728c075 elementor-widget elementor-widget-heading\" data-id=\"728c075\" data-element_type=\"widget\" data-widget_type=\"heading.default\">\n\t\t\t\t<div class=\"elementor-widget-container\">\n\t\t\t<h3 class=\"elementor-heading-title elementor-size-large\">FAB MASSIMO<\/h3>\t\t<\/div>\n\t\t\t\t<\/div>\n\t\t\t\t<div class=\"elementor-element elementor-element-29488f0 elementor-hidden-desktop elementor-widget elementor-widget-image\" data-id=\"29488f0\" data-element_type=\"widget\" data-widget_type=\"image.default\">\n\t\t\t\t<div class=\"elementor-widget-container\">\n\t\t\t\t\t\t\t\t<div class=\"elementor-image\">\n\t\t\t\t\t\t\t\t\t\t\t\t<img width=\"300\" height=\"300\" src=\"https:\/\/www.beschaeftigungstherapie.org\/wp-content\/uploads\/2022\/10\/fabmass-300x300.jpg\" class=\"attachment-medium size-medium\" alt=\"\" loading=\"lazy\" srcset=\"https:\/\/www.beschaeftigungstherapie.org\/wp-content\/uploads\/2022\/10\/fabmass-300x300.jpg 300w, https:\/\/www.beschaeftigungstherapie.org\/wp-content\/uploads\/2022\/10\/fabmass-1024x1024.jpg 1024w, https:\/\/www.beschaeftigungstherapie.org\/wp-content\/uploads\/2022\/10\/fabmass-150x150.jpg 150w, https:\/\/www.beschaeftigungstherapie.org\/wp-content\/uploads\/2022\/10\/fabmass-768x768.jpg 768w, https:\/\/www.beschaeftigungstherapie.org\/wp-content\/uploads\/2022\/10\/fabmass-1536x1536.jpg 1536w, https:\/\/www.beschaeftigungstherapie.org\/wp-content\/uploads\/2022\/10\/fabmass-2048x2048.jpg 2048w, https:\/\/www.beschaeftigungstherapie.org\/wp-content\/uploads\/2022\/10\/fabmass-12x12.jpg 12w, https:\/\/www.beschaeftigungstherapie.org\/wp-content\/uploads\/2022\/10\/fabmass-1320x1320.jpg 1320w, https:\/\/www.beschaeftigungstherapie.org\/wp-content\/uploads\/2022\/10\/fabmass-600x600.jpg 600w, https:\/\/www.beschaeftigungstherapie.org\/wp-content\/uploads\/2022\/10\/fabmass-100x100.jpg 100w\" sizes=\"(max-width: 300px) 100vw, 300px\" \/>\t\t\t\t\t\t\t\t\t\t\t\t\t\t<\/div>\n\t\t\t\t\t\t<\/div>\n\t\t\t\t<\/div>\n\t\t\t\t<div class=\"elementor-element elementor-element-e6e4ab7 elementor-widget elementor-widget-text-editor\" data-id=\"e6e4ab7\" data-element_type=\"widget\" data-widget_type=\"text-editor.default\">\n\t\t\t\t<div class=\"elementor-widget-container\">\n\t\t\t\t\t\t\t\t<div class=\"elementor-text-editor elementor-clearfix\">\n\t\t\t\t<p>A breath of fresh air coming to break out the commercial funk that\u2019s currently swarming the tech-house scene comes in the form of Fab Massimo. Long gone are the days of repetitive and predicable music of the genre, and in comes a fresh, dark, and seductive sound.<\/p><p><span style=\"font-size: 15px;\">Hailing from western Germany, Fab Massimo has always been a producer at heart. With a background in classical piano he quickly became hooked to the exciting world of electronic music and its limitless opportunities He started to experiment in different styles on Ableton, getting a feel for what his flow was. \n\nAs the years went by, he settled into his own unique interpretation of tech-house that is endlessly energetic and takes inspiration from the rawness of techno and the groove of house music.<\/span><\/p><p><span style=\"font-size: 15px;\">Since his first release in 2019, he has created hype around his steadily growing reputation. Fast forward to the present, and it\u2019s evident that Fab\u2019s hard work is visibly paying off. in 2021 his single \u201cMy Man\u201d sky-rocketed on the Beatport chart, hitting the overall all genres #11 and got 450k hits on Spotify, receiving showers of praise.<\/span><\/p><p><span style=\"font-size: 15px;\">With the help of his refined music knowledge, he also manages the renowned Power House imprint LOW CEILING. In the future, Fab strives to break the mould of traditional tech-house and continue to surprise the dancefloor crowds with his original sound.<\/span><\/p><div>\u00a0<\/div><div>\u00a0<\/div>\t\t\t\t\t<\/div>\n\t\t\t\t\t\t<\/div>\n\t\t\t\t<\/div>\n\t\t\t\t<div class=\"elementor-element elementor-element-1d4f7fa elementor-hidden-mobile elementor-widget elementor-widget-spacer\" data-id=\"1d4f7fa\" data-element_type=\"widget\" data-widget_type=\"spacer.default\">\n\t\t\t\t<div class=\"elementor-widget-container\">\n\t\t\t\t\t<div class=\"elementor-spacer\">\n\t\t\t<div class=\"elementor-spacer-inner\"><\/div>\n\t\t<\/div>\n\t\t\t\t<\/div>\n\t\t\t\t<\/div>\n\t\t\t\t\t\t<\/div>\n\t\t\t\t\t<\/div>\n\t\t<\/div>\n\t\t\t\t<div class=\"elementor-column elementor-col-50 elementor-top-column elementor-element elementor-element-5f9df74\" data-id=\"5f9df74\" data-element_type=\"column\">\n\t\t\t<div class=\"elementor-column-wrap elementor-element-populated\">\n\t\t\t\t\t\t\t<div class=\"elementor-widget-wrap\">\n\t\t\t\t\t\t<div class=\"elementor-element elementor-element-a0c5d1c elementor-hidden-mobile elementor-widget elementor-widget-spacer\" data-id=\"a0c5d1c\" data-element_type=\"widget\" data-widget_type=\"spacer.default\">\n\t\t\t\t<div class=\"elementor-widget-container\">\n\t\t\t\t\t<div class=\"elementor-spacer\">\n\t\t\t<div class=\"elementor-spacer-inner\"><\/div>\n\t\t<\/div>\n\t\t\t\t<\/div>\n\t\t\t\t<\/div>\n\t\t\t\t<div class=\"elementor-element elementor-element-65efc73 elementor-hidden-mobile elementor-widget elementor-widget-spacer\" data-id=\"65efc73\" data-element_type=\"widget\" data-widget_type=\"spacer.default\">\n\t\t\t\t<div class=\"elementor-widget-container\">\n\t\t\t\t\t<div class=\"elementor-spacer\">\n\t\t\t<div class=\"elementor-spacer-inner\"><\/div>\n\t\t<\/div>\n\t\t\t\t<\/div>\n\t\t\t\t<\/div>\n\t\t\t\t<div class=\"elementor-element elementor-element-1dff75b elementor-hidden-tablet elementor-hidden-mobile elementor-widget elementor-widget-image\" data-id=\"1dff75b\" data-element_type=\"widget\" data-widget_type=\"image.default\">\n\t\t\t\t<div class=\"elementor-widget-container\">\n\t\t\t\t\t\t\t\t<div class=\"elementor-image\">\n\t\t\t\t\t\t\t\t\t\t\t\t<img width=\"1024\" height=\"1024\" src=\"https:\/\/www.beschaeftigungstherapie.org\/wp-content\/uploads\/2022\/10\/fabmass-1-1024x1024.jpg\" class=\"attachment-large size-large\" alt=\"\" loading=\"lazy\" srcset=\"https:\/\/www.beschaeftigungstherapie.org\/wp-content\/uploads\/2022\/10\/fabmass-1-1024x1024.jpg 1024w, https:\/\/www.beschaeftigungstherapie.org\/wp-content\/uploads\/2022\/10\/fabmass-1-300x300.jpg 300w, https:\/\/www.beschaeftigungstherapie.org\/wp-content\/uploads\/2022\/10\/fabmass-1-150x150.jpg 150w, https:\/\/www.beschaeftigungstherapie.org\/wp-content\/uploads\/2022\/10\/fabmass-1-768x768.jpg 768w, https:\/\/www.beschaeftigungstherapie.org\/wp-content\/uploads\/2022\/10\/fabmass-1-1536x1536.jpg 1536w, https:\/\/www.beschaeftigungstherapie.org\/wp-content\/uploads\/2022\/10\/fabmass-1-2048x2048.jpg 2048w, https:\/\/www.beschaeftigungstherapie.org\/wp-content\/uploads\/2022\/10\/fabmass-1-12x12.jpg 12w, https:\/\/www.beschaeftigungstherapie.org\/wp-content\/uploads\/2022\/10\/fabmass-1-1320x1320.jpg 1320w, https:\/\/www.beschaeftigungstherapie.org\/wp-content\/uploads\/2022\/10\/fabmass-1-600x600.jpg 600w, https:\/\/www.beschaeftigungstherapie.org\/wp-content\/uploads\/2022\/10\/fabmass-1-100x100.jpg 100w\" sizes=\"(max-width: 1024px) 100vw, 1024px\" \/>\t\t\t\t\t\t\t\t\t\t\t\t\t\t<\/div>\n\t\t\t\t\t\t<\/div>\n\t\t\t\t<\/div>\n\t\t\t\t\t\t<\/div>\n\t\t\t\t\t<\/div>\n\t\t<\/div>\n\t\t\t\t\t\t\t\t<\/div>\n\t\t\t\t\t<\/div>\n\t\t<\/section>\n\t\t\t\t<section class=\"elementor-section elementor-top-section elementor-element elementor-element-12b85e9 elementor-section-boxed elementor-section-height-default elementor-section-height-default\" data-id=\"12b85e9\" data-element_type=\"section\">\n\t\t\t\t\t\t<div class=\"elementor-container elementor-column-gap-default\">\n\t\t\t\t\t\t\t<div class=\"elementor-row\">\n\t\t\t\t\t<div class=\"elementor-column elementor-col-50 elementor-top-column elementor-element elementor-element-937414f\" data-id=\"937414f\" data-element_type=\"column\">\n\t\t\t<div class=\"elementor-column-wrap elementor-element-populated\">\n\t\t\t\t\t\t\t<div class=\"elementor-widget-wrap\">\n\t\t\t\t\t\t<div class=\"elementor-element elementor-element-30c49f6 elementor-view-default elementor-widget elementor-widget-icon\" data-id=\"30c49f6\" data-element_type=\"widget\" data-widget_type=\"icon.default\">\n\t\t\t\t<div class=\"elementor-widget-container\">\n\t\t\t\t\t<div class=\"elementor-icon-wrapper\">\n\t\t\t<a class=\"elementor-icon\" href=\"https:\/\/www.instagram.com\/fabmassimo\/\">\n\t\t\t<i aria-hidden=\"true\" class=\"fab fa-instagram\"><\/i>\t\t\t<\/a>\n\t\t<\/div>\n\t\t\t\t<\/div>\n\t\t\t\t<\/div>\n\t\t\t\t\t\t<\/div>\n\t\t\t\t\t<\/div>\n\t\t<\/div>\n\t\t\t\t<div class=\"elementor-column elementor-col-50 elementor-top-column elementor-element elementor-element-b4aa962\" data-id=\"b4aa962\" data-element_type=\"column\">\n\t\t\t<div class=\"elementor-column-wrap elementor-element-populated\">\n\t\t\t\t\t\t\t<div class=\"elementor-widget-wrap\">\n\t\t\t\t\t\t<div class=\"elementor-element elementor-element-5a0955b elementor-view-default elementor-widget elementor-widget-icon\" data-id=\"5a0955b\" data-element_type=\"widget\" data-widget_type=\"icon.default\">\n\t\t\t\t<div class=\"elementor-widget-container\">\n\t\t\t\t\t<div class=\"elementor-icon-wrapper\">\n\t\t\t<a class=\"elementor-icon\" href=\"https:\/\/soundcloud.com\/fabmassimo\">\n\t\t\t<i aria-hidden=\"true\" class=\"fab fa-soundcloud\"><\/i>\t\t\t<\/a>\n\t\t<\/div>\n\t\t\t\t<\/div>\n\t\t\t\t<\/div>\n\t\t\t\t\t\t<\/div>\n\t\t\t\t\t<\/div>\n\t\t<\/div>\n\t\t\t\t\t\t\t\t<\/div>\n\t\t\t\t\t<\/div>\n\t\t<\/section>\n\t\t\t\t<section class=\"elementor-section elementor-top-section elementor-element elementor-element-6004a76 elementor-section-boxed elementor-section-height-default elementor-section-height-default\" data-id=\"6004a76\" data-element_type=\"section\">\n\t\t\t\t\t\t<div class=\"elementor-container elementor-column-gap-default\">\n\t\t\t\t\t\t\t<div class=\"elementor-row\">\n\t\t\t\t\t<div class=\"elementor-column elementor-col-100 elementor-top-column elementor-element elementor-element-ef37f98\" data-id=\"ef37f98\" data-element_type=\"column\">\n\t\t\t<div class=\"elementor-column-wrap elementor-element-populated\">\n\t\t\t\t\t\t\t<div class=\"elementor-widget-wrap\">\n\t\t\t\t\t\t<div class=\"elementor-element elementor-element-1fb4492 elementor-align-center elementor-widget elementor-widget-button\" data-id=\"1fb4492\" data-element_type=\"widget\" data-widget_type=\"button.default\">\n\t\t\t\t<div class=\"elementor-widget-container\">\n\t\t\t\t\t<div class=\"elementor-button-wrapper\">\n\t\t\t<a href=\"https:\/\/drive.google.com\/drive\/u\/0\/folders\/13ThISKz8qPAAwvhiG9Ao_tIsABKkv7ky\" class=\"elementor-button-link elementor-button elementor-size-sm\" role=\"button\">\n\t\t\t\t\t\t<span class=\"elementor-button-content-wrapper\">\n\t\t\t\t\t\t<span class=\"elementor-button-text\">Presskit<\/span>\n\t\t<\/span>\n\t\t\t\t\t<\/a>\n\t\t<\/div>\n\t\t\t\t<\/div>\n\t\t\t\t<\/div>\n\t\t\t\t\t\t<\/div>\n\t\t\t\t\t<\/div>\n\t\t<\/div>\n\t\t\t\t\t\t\t\t<\/div>\n\t\t\t\t\t<\/div>\n\t\t<\/section>\n\t\t\t\t<section class=\"elementor-section elementor-top-section elementor-element elementor-element-411e7dc elementor-section-boxed elementor-section-height-default elementor-section-height-default\" data-id=\"411e7dc\" data-element_type=\"section\">\n\t\t\t\t\t\t<div class=\"elementor-container elementor-column-gap-default\">\n\t\t\t\t\t\t\t<div class=\"elementor-row\">\n\t\t\t\t\t<div class=\"elementor-column elementor-col-100 elementor-top-column elementor-element elementor-element-0869e36\" data-id=\"0869e36\" data-element_type=\"column\">\n\t\t\t<div class=\"elementor-column-wrap elementor-element-populated\">\n\t\t\t\t\t\t\t<div class=\"elementor-widget-wrap\">\n\t\t\t\t\t\t<div class=\"elementor-element elementor-element-c5a9c11 elementor-widget elementor-widget-spacer\" data-id=\"c5a9c11\" data-element_type=\"widget\" data-widget_type=\"spacer.default\">\n\t\t\t\t<div class=\"elementor-widget-container\">\n\t\t\t\t\t<div class=\"elementor-spacer\">\n\t\t\t<div class=\"elementor-spacer-inner\"><\/div>\n\t\t<\/div>\n\t\t\t\t<\/div>\n\t\t\t\t<\/div>\n\t\t\t\t\t\t<\/div>\n\t\t\t\t\t<\/div>\n\t\t<\/div>\n\t\t\t\t\t\t\t\t<\/div>\n\t\t\t\t\t<\/div>\n\t\t<\/section>\n\t\t\t\t\t\t<\/div>\n\t\t\t\t\t\t<\/div>\n\t\t\t\t\t<\/div>","protected":false},"excerpt":{"rendered":"<p>FAB MASSIMO Als einer der innovativsten Newcomer in seinem Genre steht der Berliner Produzent und DJ Fab Massimo f\u00fcr frischen Wind in der Tech-House-Szene. Die Zeiten vorhersehbarer Drops sind vorbei und an ihre Stelle r\u00fcckt ein vielschichtiger Crossover-Sound, der mit rollenden B\u00e4ssen und einem unersch\u00f6pflichen Energielevel Akzente setzt. Im Herzen war Fab schon immer Musiker. &hellip;<\/p>\n<p class=\"read-more\"> <a class=\"\" href=\"https:\/\/www.beschaeftigungstherapie.org\/en\/fabmassimo\/\"> <span class=\"screen-reader-text\">FAB MASSIMO<\/span> Read More &raquo;<\/a><\/p>","protected":false},"author":1,"featured_media":0,"parent":0,"menu_order":0,"comment_status":"closed","ping_status":"closed","template":"","meta":{"site-sidebar-layout":"no-sidebar","site-content-layout":"page-builder","ast-global-header-display":"","ast-main-header-display":"","ast-hfb-above-header-display":"","ast-hfb-below-header-display":"","ast-hfb-mobile-header-display":"","site-post-title":"disabled","ast-breadcrumbs-content":"","ast-featured-img":"disabled","footer-sml-layout":"","theme-transparent-header-meta":"","adv-header-id-meta":"","stick-header-meta":"","header-above-stick-meta":"","header-main-stick-meta":"","header-below-stick-meta":"","spay_email":""},"yoast_head":"<!-- This site is optimized with the Yoast SEO plugin v19.2 - https:\/\/yoast.com\/wordpress\/plugins\/seo\/ -->\n<title>FAB MASSIMO -<\/title>\n<meta name=\"robots\" content=\"noindex, follow, max-snippet:-1, max-image-preview:large, max-video-preview:-1\" \/>\n<meta property=\"og:locale\" content=\"en_US\" \/>\n<meta property=\"og:type\" content=\"article\" \/>\n<meta property=\"og:title\" content=\"FAB MASSIMO -\" \/>\n<meta property=\"og:description\" content=\"FAB MASSIMO Als einer der innovativsten Newcomer in seinem Genre steht der Berliner Produzent und DJ Fab Massimo f\u00fcr frischen Wind in der Tech-House-Szene. Die Zeiten vorhersehbarer Drops sind vorbei und an ihre Stelle r\u00fcckt ein vielschichtiger Crossover-Sound, der mit rollenden B\u00e4ssen und einem unersch\u00f6pflichen Energielevel Akzente setzt. Im Herzen war Fab schon immer Musiker. &hellip; FAB MASSIMO Read More &raquo;\" \/>\n<meta property=\"og:url\" content=\"https:\/\/www.beschaeftigungstherapie.org\/en\/fabmassimo\/\" \/>\n<meta property=\"article:modified_time\" content=\"2022-10-23T07:33:04+00:00\" \/>\n<meta property=\"og:image\" content=\"https:\/\/www.beschaeftigungstherapie.org\/wp-content\/uploads\/2022\/10\/fabmass-300x300.jpg\" \/>\n<meta name=\"author\" content=\"Chris116\" \/>\n<meta name=\"twitter:card\" content=\"summary_large_image\" \/>\n<meta name=\"twitter:label1\" content=\"Est. reading time\" \/>\n\t<meta name=\"twitter:data1\" content=\"2 minutes\" \/>\n<script type=\"application\/ld+json\" class=\"yoast-schema-graph\">{\"@context\":\"https:\/\/schema.org\",\"@graph\":[{\"@type\":\"WebSite\",\"@id\":\"https:\/\/www.beschaeftigungstherapie.org\/#website\",\"url\":\"https:\/\/www.beschaeftigungstherapie.org\/\",\"name\":\"\",\"description\":\"Just another WordPress site\",\"potentialAction\":[{\"@type\":\"SearchAction\",\"target\":{\"@type\":\"EntryPoint\",\"urlTemplate\":\"https:\/\/www.beschaeftigungstherapie.org\/?s={search_term_string}\"},\"query-input\":\"required name=search_term_string\"}],\"inLanguage\":\"en-US\"},{\"@type\":\"ImageObject\",\"inLanguage\":\"en-US\",\"@id\":\"https:\/\/www.beschaeftigungstherapie.org\/fabmassimo\/#primaryimage\",\"url\":\"https:\/\/www.beschaeftigungstherapie.org\/wp-content\/uploads\/2022\/10\/fabmass.jpg\",\"contentUrl\":\"https:\/\/www.beschaeftigungstherapie.org\/wp-content\/uploads\/2022\/10\/fabmass.jpg\",\"width\":2286,\"height\":2286},{\"@type\":\"WebPage\",\"@id\":\"https:\/\/www.beschaeftigungstherapie.org\/fabmassimo\/#webpage\",\"url\":\"https:\/\/www.beschaeftigungstherapie.org\/fabmassimo\/\",\"name\":\"FAB MASSIMO -\",\"isPartOf\":{\"@id\":\"https:\/\/www.beschaeftigungstherapie.org\/#website\"},\"primaryImageOfPage\":{\"@id\":\"https:\/\/www.beschaeftigungstherapie.org\/fabmassimo\/#primaryimage\"},\"datePublished\":\"2022-10-23T07:14:03+00:00\",\"dateModified\":\"2022-10-23T07:33:04+00:00\",\"breadcrumb\":{\"@id\":\"https:\/\/www.beschaeftigungstherapie.org\/fabmassimo\/#breadcrumb\"},\"inLanguage\":\"en-US\",\"potentialAction\":[{\"@type\":\"ReadAction\",\"target\":[\"https:\/\/www.beschaeftigungstherapie.org\/fabmassimo\/\"]}]},{\"@type\":\"BreadcrumbList\",\"@id\":\"https:\/\/www.beschaeftigungstherapie.org\/fabmassimo\/#breadcrumb\",\"itemListElement\":[{\"@type\":\"ListItem\",\"position\":1,\"name\":\"Home\",\"item\":\"https:\/\/www.beschaeftigungstherapie.org\/\"},{\"@type\":\"ListItem\",\"position\":2,\"name\":\"FAB MASSIMO\"}]}]}<\/script>\n<!-- \/ Yoast SEO plugin. -->","yoast_head_json":{"title":"FAB MASSIMO -","robots":{"index":"noindex","follow":"follow","max-snippet":"max-snippet:-1","max-image-preview":"max-image-preview:large","max-video-preview":"max-video-preview:-1"},"og_locale":"en_US","og_type":"article","og_title":"FAB MASSIMO -","og_description":"FAB MASSIMO Als einer der innovativsten Newcomer in seinem Genre steht der Berliner Produzent und DJ Fab Massimo f\u00fcr frischen Wind in der Tech-House-Szene. Die Zeiten vorhersehbarer Drops sind vorbei und an ihre Stelle r\u00fcckt ein vielschichtiger Crossover-Sound, der mit rollenden B\u00e4ssen und einem unersch\u00f6pflichen Energielevel Akzente setzt. Im Herzen war Fab schon immer Musiker. &hellip; FAB MASSIMO Read More &raquo;","og_url":"https:\/\/www.beschaeftigungstherapie.org\/en\/fabmassimo\/","article_modified_time":"2022-10-23T07:33:04+00:00","og_image":[{"url":"https:\/\/www.beschaeftigungstherapie.org\/wp-content\/uploads\/2022\/10\/fabmass-300x300.jpg"}],"author":"Chris116","twitter_card":"summary_large_image","twitter_misc":{"Est. reading time":"2 minutes"},"schema":{"@context":"https:\/\/schema.org","@graph":[{"@type":"WebSite","@id":"https:\/\/www.beschaeftigungstherapie.org\/#website","url":"https:\/\/www.beschaeftigungstherapie.org\/","name":"","description":"Just another WordPress site","potentialAction":[{"@type":"SearchAction","target":{"@type":"EntryPoint","urlTemplate":"https:\/\/www.beschaeftigungstherapie.org\/?s={search_term_string}"},"query-input":"required name=search_term_string"}],"inLanguage":"en-US"},{"@type":"ImageObject","inLanguage":"en-US","@id":"https:\/\/www.beschaeftigungstherapie.org\/fabmassimo\/#primaryimage","url":"https:\/\/www.beschaeftigungstherapie.org\/wp-content\/uploads\/2022\/10\/fabmass.jpg","contentUrl":"https:\/\/www.beschaeftigungstherapie.org\/wp-content\/uploads\/2022\/10\/fabmass.jpg","width":2286,"height":2286},{"@type":"WebPage","@id":"https:\/\/www.beschaeftigungstherapie.org\/fabmassimo\/#webpage","url":"https:\/\/www.beschaeftigungstherapie.org\/fabmassimo\/","name":"FAB MASSIMO -","isPartOf":{"@id":"https:\/\/www.beschaeftigungstherapie.org\/#website"},"primaryImageOfPage":{"@id":"https:\/\/www.beschaeftigungstherapie.org\/fabmassimo\/#primaryimage"},"datePublished":"2022-10-23T07:14:03+00:00","dateModified":"2022-10-23T07:33:04+00:00","breadcrumb":{"@id":"https:\/\/www.beschaeftigungstherapie.org\/fabmassimo\/#breadcrumb"},"inLanguage":"en-US","potentialAction":[{"@type":"ReadAction","target":["https:\/\/www.beschaeftigungstherapie.org\/fabmassimo\/"]}]},{"@type":"BreadcrumbList","@id":"https:\/\/www.beschaeftigungstherapie.org\/fabmassimo\/#breadcrumb","itemListElement":[{"@type":"ListItem","position":1,"name":"Home","item":"https:\/\/www.beschaeftigungstherapie.org\/"},{"@type":"ListItem","position":2,"name":"FAB MASSIMO"}]}]}},"_links":{"self":[{"href":"https:\/\/www.beschaeftigungstherapie.org\/en\/wp-json\/wp\/v2\/pages\/740"}],"collection":[{"href":"https:\/\/www.beschaeftigungstherapie.org\/en\/wp-json\/wp\/v2\/pages"}],"about":[{"href":"https:\/\/www.beschaeftigungstherapie.org\/en\/wp-json\/wp\/v2\/types\/page"}],"author":[{"embeddable":true,"href":"https:\/\/www.beschaeftigungstherapie.org\/en\/wp-json\/wp\/v2\/users\/1"}],"replies":[{"embeddable":true,"href":"https:\/\/www.beschaeftigungstherapie.org\/en\/wp-json\/wp\/v2\/comments?post=740"}],"version-history":[{"count":14,"href":"https:\/\/www.beschaeftigungstherapie.org\/en\/wp-json\/wp\/v2\/pages\/740\/revisions"}],"predecessor-version":[{"id":855,"href":"https:\/\/www.beschaeftigungstherapie.org\/en\/wp-json\/wp\/v2\/pages\/740\/revisions\/855"}],"wp:attachment":[{"href":"https:\/\/www.beschaeftigungstherapie.org\/en\/wp-json\/wp\/v2\/media?parent=740"}],"curies":[{"name":"wp","href":"https:\/\/api.w.org\/{rel}","templated":true}]}}