{"id":772,"date":"2022-10-23T07:48:17","date_gmt":"2022-10-23T07:48:17","guid":{"rendered":"https:\/\/www.beschaeftigungstherapie.org\/?page_id=772"},"modified":"2022-10-23T11:36:44","modified_gmt":"2022-10-23T11:36:44","slug":"manustrasse","status":"publish","type":"page","link":"https:\/\/www.beschaeftigungstherapie.org\/en\/manustrasse\/","title":{"rendered":"Manu Strasse"},"content":{"rendered":"<div data-elementor-type=\"wp-page\" data-elementor-id=\"772\" class=\"elementor elementor-772\" data-elementor-settings=\"[]\">\n\t\t\t\t\t\t<div class=\"elementor-inner\">\n\t\t\t\t\t\t\t<div class=\"elementor-section-wrap\">\n\t\t\t\t\t\t\t<section class=\"elementor-section elementor-top-section elementor-element elementor-element-b704a2e elementor-section-boxed elementor-section-height-default elementor-section-height-default\" data-id=\"b704a2e\" data-element_type=\"section\">\n\t\t\t\t\t\t<div class=\"elementor-container elementor-column-gap-default\">\n\t\t\t\t\t\t\t<div class=\"elementor-row\">\n\t\t\t\t\t<div class=\"elementor-column elementor-col-50 elementor-top-column elementor-element elementor-element-5b66cfd\" data-id=\"5b66cfd\" data-element_type=\"column\">\n\t\t\t<div class=\"elementor-column-wrap elementor-element-populated\">\n\t\t\t\t\t\t\t<div class=\"elementor-widget-wrap\">\n\t\t\t\t\t\t<div class=\"elementor-element elementor-element-ab14c48 elementor-widget elementor-widget-heading\" data-id=\"ab14c48\" data-element_type=\"widget\" data-widget_type=\"heading.default\">\n\t\t\t\t<div class=\"elementor-widget-container\">\n\t\t\t<h3 class=\"elementor-heading-title elementor-size-large\">MANU STRASSE<\/h3>\t\t<\/div>\n\t\t\t\t<\/div>\n\t\t\t\t<div class=\"elementor-element elementor-element-c032aa6 elementor-hidden-desktop elementor-widget elementor-widget-image\" data-id=\"c032aa6\" data-element_type=\"widget\" data-widget_type=\"image.default\">\n\t\t\t\t<div class=\"elementor-widget-container\">\n\t\t\t\t\t\t\t\t<div class=\"elementor-image\">\n\t\t\t\t\t\t\t\t\t\t\t\t<img width=\"300\" height=\"300\" src=\"https:\/\/www.beschaeftigungstherapie.org\/wp-content\/uploads\/2022\/07\/MANU-2-300x300.jpg\" class=\"attachment-medium size-medium\" alt=\"\" loading=\"lazy\" srcset=\"https:\/\/www.beschaeftigungstherapie.org\/wp-content\/uploads\/2022\/07\/MANU-2-300x300.jpg 300w, https:\/\/www.beschaeftigungstherapie.org\/wp-content\/uploads\/2022\/07\/MANU-2-150x150.jpg 150w, https:\/\/www.beschaeftigungstherapie.org\/wp-content\/uploads\/2022\/07\/MANU-2-600x600.jpg 600w, https:\/\/www.beschaeftigungstherapie.org\/wp-content\/uploads\/2022\/07\/MANU-2-100x100.jpg 100w, https:\/\/www.beschaeftigungstherapie.org\/wp-content\/uploads\/2022\/07\/MANU-2.jpg 718w\" sizes=\"(max-width: 300px) 100vw, 300px\" \/>\t\t\t\t\t\t\t\t\t\t\t\t\t\t<\/div>\n\t\t\t\t\t\t<\/div>\n\t\t\t\t<\/div>\n\t\t\t\t<div class=\"elementor-element elementor-element-991a1be elementor-widget elementor-widget-text-editor\" data-id=\"991a1be\" data-element_type=\"widget\" data-widget_type=\"text-editor.default\">\n\t\t\t\t<div class=\"elementor-widget-container\">\n\t\t\t\t\t\t\t\t<div class=\"elementor-text-editor elementor-clearfix\">\n\t\t\t\t<p>Born in Asturias (North of Spain) has been a music passionate since birth. In 2011 he\nmoved to Turkey where his sounds got an important influence. It was in 2013 when he\nmoved to Berlin immersing himself into the underground scene, finding the soul of his\nmusic style.<\/p><p class=\" translation-block\">Currently based in Berlin but with deep roots in Madrid where he is resident in\nthe worldwide well-know club Mondo Disko, where he shared DJ booth with names\nas Dixon, Mind Against, Patrice B\u00e4umel, Monolink, Bedouin, Henrik Schwarz among\nothers, and is one of founder behind Ruhetag and Planeta sessions.<\/p><p class=\" translation-block\">He loves spherical sounds, groovy bass lines, fat beats and infectious melodies. He\nknows how to stand out in the electronic scene through continual experimentation with\na subconscious harmony through rhythm, melody and movement.<\/p><p><span style=\"font-size: 15px;\">You could find him playing in venues such as Mondo Disko (Madrid), Sisyphos (Berlin),\nBirgit und Bier (Berlin), as well as on festivals around the globe like Wonderfruit Festival (Thailand), Wilde M\u00f6hre Festival (Germany), Praerie Festival (Germany), Summer Contrast (Poland) and Funny Moon Gathering (Czech Republik).\u00a0<\/span><\/p><p><span style=\"font-size: 15px;\">Always looking to spread out my vibe and experience through the music, hope you like it.<\/span><\/p>\t\t\t\t\t<\/div>\n\t\t\t\t\t\t<\/div>\n\t\t\t\t<\/div>\n\t\t\t\t<div class=\"elementor-element elementor-element-60478a7 elementor-hidden-mobile elementor-widget elementor-widget-spacer\" data-id=\"60478a7\" data-element_type=\"widget\" data-widget_type=\"spacer.default\">\n\t\t\t\t<div class=\"elementor-widget-container\">\n\t\t\t\t\t<div class=\"elementor-spacer\">\n\t\t\t<div class=\"elementor-spacer-inner\"><\/div>\n\t\t<\/div>\n\t\t\t\t<\/div>\n\t\t\t\t<\/div>\n\t\t\t\t\t\t<\/div>\n\t\t\t\t\t<\/div>\n\t\t<\/div>\n\t\t\t\t<div class=\"elementor-column elementor-col-50 elementor-top-column elementor-element elementor-element-30e6039\" data-id=\"30e6039\" data-element_type=\"column\">\n\t\t\t<div class=\"elementor-column-wrap elementor-element-populated\">\n\t\t\t\t\t\t\t<div class=\"elementor-widget-wrap\">\n\t\t\t\t\t\t<div class=\"elementor-element elementor-element-e4afb76 elementor-hidden-mobile elementor-widget elementor-widget-spacer\" data-id=\"e4afb76\" data-element_type=\"widget\" data-widget_type=\"spacer.default\">\n\t\t\t\t<div class=\"elementor-widget-container\">\n\t\t\t\t\t<div class=\"elementor-spacer\">\n\t\t\t<div class=\"elementor-spacer-inner\"><\/div>\n\t\t<\/div>\n\t\t\t\t<\/div>\n\t\t\t\t<\/div>\n\t\t\t\t<div class=\"elementor-element elementor-element-374729c elementor-hidden-mobile elementor-widget elementor-widget-spacer\" data-id=\"374729c\" data-element_type=\"widget\" data-widget_type=\"spacer.default\">\n\t\t\t\t<div class=\"elementor-widget-container\">\n\t\t\t\t\t<div class=\"elementor-spacer\">\n\t\t\t<div class=\"elementor-spacer-inner\"><\/div>\n\t\t<\/div>\n\t\t\t\t<\/div>\n\t\t\t\t<\/div>\n\t\t\t\t<div class=\"elementor-element elementor-element-ebdfa67 elementor-hidden-tablet elementor-hidden-mobile elementor-widget elementor-widget-image\" data-id=\"ebdfa67\" data-element_type=\"widget\" data-widget_type=\"image.default\">\n\t\t\t\t<div class=\"elementor-widget-container\">\n\t\t\t\t\t\t\t\t<div class=\"elementor-image\">\n\t\t\t\t\t\t\t\t\t\t\t\t<img width=\"718\" height=\"718\" src=\"https:\/\/www.beschaeftigungstherapie.org\/wp-content\/uploads\/2022\/07\/MANU-2.jpg\" class=\"attachment-large size-large\" alt=\"\" loading=\"lazy\" srcset=\"https:\/\/www.beschaeftigungstherapie.org\/wp-content\/uploads\/2022\/07\/MANU-2.jpg 718w, https:\/\/www.beschaeftigungstherapie.org\/wp-content\/uploads\/2022\/07\/MANU-2-300x300.jpg 300w, https:\/\/www.beschaeftigungstherapie.org\/wp-content\/uploads\/2022\/07\/MANU-2-150x150.jpg 150w, https:\/\/www.beschaeftigungstherapie.org\/wp-content\/uploads\/2022\/07\/MANU-2-600x600.jpg 600w, https:\/\/www.beschaeftigungstherapie.org\/wp-content\/uploads\/2022\/07\/MANU-2-100x100.jpg 100w\" sizes=\"(max-width: 718px) 100vw, 718px\" \/>\t\t\t\t\t\t\t\t\t\t\t\t\t\t<\/div>\n\t\t\t\t\t\t<\/div>\n\t\t\t\t<\/div>\n\t\t\t\t\t\t<\/div>\n\t\t\t\t\t<\/div>\n\t\t<\/div>\n\t\t\t\t\t\t\t\t<\/div>\n\t\t\t\t\t<\/div>\n\t\t<\/section>\n\t\t\t\t<section class=\"elementor-section elementor-top-section elementor-element elementor-element-d4e71bd elementor-section-boxed elementor-section-height-default elementor-section-height-default\" data-id=\"d4e71bd\" data-element_type=\"section\">\n\t\t\t\t\t\t<div class=\"elementor-container elementor-column-gap-default\">\n\t\t\t\t\t\t\t<div class=\"elementor-row\">\n\t\t\t\t\t<div class=\"elementor-column elementor-col-50 elementor-top-column elementor-element elementor-element-113f552\" data-id=\"113f552\" data-element_type=\"column\">\n\t\t\t<div class=\"elementor-column-wrap elementor-element-populated\">\n\t\t\t\t\t\t\t<div class=\"elementor-widget-wrap\">\n\t\t\t\t\t\t<div class=\"elementor-element elementor-element-0c4a159 elementor-view-default elementor-widget elementor-widget-icon\" data-id=\"0c4a159\" data-element_type=\"widget\" data-widget_type=\"icon.default\">\n\t\t\t\t<div class=\"elementor-widget-container\">\n\t\t\t\t\t<div class=\"elementor-icon-wrapper\">\n\t\t\t<a class=\"elementor-icon\" href=\"https:\/\/www.instagram.com\/manustrasse\/\">\n\t\t\t<i aria-hidden=\"true\" class=\"fab fa-instagram\"><\/i>\t\t\t<\/a>\n\t\t<\/div>\n\t\t\t\t<\/div>\n\t\t\t\t<\/div>\n\t\t\t\t\t\t<\/div>\n\t\t\t\t\t<\/div>\n\t\t<\/div>\n\t\t\t\t<div class=\"elementor-column elementor-col-50 elementor-top-column elementor-element elementor-element-f6a61dd\" data-id=\"f6a61dd\" data-element_type=\"column\">\n\t\t\t<div class=\"elementor-column-wrap elementor-element-populated\">\n\t\t\t\t\t\t\t<div class=\"elementor-widget-wrap\">\n\t\t\t\t\t\t<div class=\"elementor-element elementor-element-6cac9f2 elementor-view-default elementor-widget elementor-widget-icon\" data-id=\"6cac9f2\" data-element_type=\"widget\" data-widget_type=\"icon.default\">\n\t\t\t\t<div class=\"elementor-widget-container\">\n\t\t\t\t\t<div class=\"elementor-icon-wrapper\">\n\t\t\t<a class=\"elementor-icon\" href=\"https:\/\/soundcloud.com\/manustrasse\">\n\t\t\t<i aria-hidden=\"true\" class=\"fab fa-soundcloud\"><\/i>\t\t\t<\/a>\n\t\t<\/div>\n\t\t\t\t<\/div>\n\t\t\t\t<\/div>\n\t\t\t\t\t\t<\/div>\n\t\t\t\t\t<\/div>\n\t\t<\/div>\n\t\t\t\t\t\t\t\t<\/div>\n\t\t\t\t\t<\/div>\n\t\t<\/section>\n\t\t\t\t<section class=\"elementor-section elementor-top-section elementor-element elementor-element-a935595 elementor-section-boxed elementor-section-height-default elementor-section-height-default\" data-id=\"a935595\" data-element_type=\"section\">\n\t\t\t\t\t\t<div class=\"elementor-container elementor-column-gap-default\">\n\t\t\t\t\t\t\t<div class=\"elementor-row\">\n\t\t\t\t\t<div class=\"elementor-column elementor-col-100 elementor-top-column elementor-element elementor-element-78852ca\" data-id=\"78852ca\" data-element_type=\"column\">\n\t\t\t<div class=\"elementor-column-wrap elementor-element-populated\">\n\t\t\t\t\t\t\t<div class=\"elementor-widget-wrap\">\n\t\t\t\t\t\t<div class=\"elementor-element elementor-element-b4d30ec elementor-align-center elementor-widget elementor-widget-button\" data-id=\"b4d30ec\" data-element_type=\"widget\" data-widget_type=\"button.default\">\n\t\t\t\t<div class=\"elementor-widget-container\">\n\t\t\t\t\t<div class=\"elementor-button-wrapper\">\n\t\t\t<a href=\"https:\/\/drive.google.com\/drive\/u\/0\/folders\/1_PpgBCdLm9dTma12SXPN-Rr08nPF2Tal\" class=\"elementor-button-link elementor-button elementor-size-sm\" role=\"button\">\n\t\t\t\t\t\t<span class=\"elementor-button-content-wrapper\">\n\t\t\t\t\t\t<span class=\"elementor-button-text\">Presskit<\/span>\n\t\t<\/span>\n\t\t\t\t\t<\/a>\n\t\t<\/div>\n\t\t\t\t<\/div>\n\t\t\t\t<\/div>\n\t\t\t\t\t\t<\/div>\n\t\t\t\t\t<\/div>\n\t\t<\/div>\n\t\t\t\t\t\t\t\t<\/div>\n\t\t\t\t\t<\/div>\n\t\t<\/section>\n\t\t\t\t<section class=\"elementor-section elementor-top-section elementor-element elementor-element-b60dbd0 elementor-section-boxed elementor-section-height-default elementor-section-height-default\" data-id=\"b60dbd0\" data-element_type=\"section\">\n\t\t\t\t\t\t<div class=\"elementor-container elementor-column-gap-default\">\n\t\t\t\t\t\t\t<div class=\"elementor-row\">\n\t\t\t\t\t<div class=\"elementor-column elementor-col-100 elementor-top-column elementor-element elementor-element-7abef4b\" data-id=\"7abef4b\" data-element_type=\"column\">\n\t\t\t<div class=\"elementor-column-wrap elementor-element-populated\">\n\t\t\t\t\t\t\t<div class=\"elementor-widget-wrap\">\n\t\t\t\t\t\t<div class=\"elementor-element elementor-element-7920456 elementor-widget elementor-widget-spacer\" data-id=\"7920456\" data-element_type=\"widget\" data-widget_type=\"spacer.default\">\n\t\t\t\t<div class=\"elementor-widget-container\">\n\t\t\t\t\t<div class=\"elementor-spacer\">\n\t\t\t<div class=\"elementor-spacer-inner\"><\/div>\n\t\t<\/div>\n\t\t\t\t<\/div>\n\t\t\t\t<\/div>\n\t\t\t\t\t\t<\/div>\n\t\t\t\t\t<\/div>\n\t\t<\/div>\n\t\t\t\t\t\t\t\t<\/div>\n\t\t\t\t\t<\/div>\n\t\t<\/section>\n\t\t\t\t\t\t<\/div>\n\t\t\t\t\t\t<\/div>\n\t\t\t\t\t<\/div>","protected":false},"excerpt":{"rendered":"<p>MANU STRASSE Der in Asturien (Nordspanien) geborene K\u00fcnstler, ist seit seiner Geburt ein leidenschaftlicher Musiker. Im Jahr 2011 zog er in die T\u00fcrkei, wo seine Kl\u00e4nge einen wichtigen Einfluss erhielten. Im Jahr 2013 zog er nach Berlin und tauchte in die Underground-Szene ein, um die Seele seines Musikstils zu finden. Derzeit lebt er in Berlin, &hellip;<\/p>\n<p class=\"read-more\"> <a class=\"\" href=\"https:\/\/www.beschaeftigungstherapie.org\/en\/manustrasse\/\"> <span class=\"screen-reader-text\">Manu Strasse<\/span> Read More &raquo;<\/a><\/p>","protected":false},"author":1,"featured_media":0,"parent":0,"menu_order":0,"comment_status":"closed","ping_status":"closed","template":"","meta":{"site-sidebar-layout":"no-sidebar","site-content-layout":"page-builder","ast-global-header-display":"","ast-main-header-display":"","ast-hfb-above-header-display":"","ast-hfb-below-header-display":"","ast-hfb-mobile-header-display":"","site-post-title":"disabled","ast-breadcrumbs-content":"","ast-featured-img":"disabled","footer-sml-layout":"","theme-transparent-header-meta":"","adv-header-id-meta":"","stick-header-meta":"","header-above-stick-meta":"","header-main-stick-meta":"","header-below-stick-meta":"","spay_email":""},"yoast_head":"<!-- This site is optimized with the Yoast SEO plugin v19.2 - https:\/\/yoast.com\/wordpress\/plugins\/seo\/ -->\n<title>Manu Strasse -<\/title>\n<meta name=\"robots\" content=\"noindex, follow, max-snippet:-1, max-image-preview:large, max-video-preview:-1\" \/>\n<meta property=\"og:locale\" content=\"en_US\" \/>\n<meta property=\"og:type\" content=\"article\" \/>\n<meta property=\"og:title\" content=\"Manu Strasse -\" \/>\n<meta property=\"og:description\" content=\"MANU STRASSE Der in Asturien (Nordspanien) geborene K\u00fcnstler, ist seit seiner Geburt ein leidenschaftlicher Musiker. Im Jahr 2011 zog er in die T\u00fcrkei, wo seine Kl\u00e4nge einen wichtigen Einfluss erhielten. Im Jahr 2013 zog er nach Berlin und tauchte in die Underground-Szene ein, um die Seele seines Musikstils zu finden. Derzeit lebt er in Berlin, &hellip; Manu Strasse Read More &raquo;\" \/>\n<meta property=\"og:url\" content=\"https:\/\/www.beschaeftigungstherapie.org\/en\/manustrasse\/\" \/>\n<meta property=\"article:modified_time\" content=\"2022-10-23T11:36:44+00:00\" \/>\n<meta property=\"og:image\" content=\"https:\/\/www.beschaeftigungstherapie.org\/wp-content\/uploads\/2022\/07\/MANU-2-300x300.jpg\" \/>\n<meta name=\"author\" content=\"Chris116\" \/>\n<meta name=\"twitter:card\" content=\"summary_large_image\" \/>\n<meta name=\"twitter:label1\" content=\"Est. reading time\" \/>\n\t<meta name=\"twitter:data1\" content=\"2 minutes\" \/>\n<script type=\"application\/ld+json\" class=\"yoast-schema-graph\">{\"@context\":\"https:\/\/schema.org\",\"@graph\":[{\"@type\":\"WebSite\",\"@id\":\"https:\/\/www.beschaeftigungstherapie.org\/#website\",\"url\":\"https:\/\/www.beschaeftigungstherapie.org\/\",\"name\":\"\",\"description\":\"Just another WordPress site\",\"potentialAction\":[{\"@type\":\"SearchAction\",\"target\":{\"@type\":\"EntryPoint\",\"urlTemplate\":\"https:\/\/www.beschaeftigungstherapie.org\/?s={search_term_string}\"},\"query-input\":\"required name=search_term_string\"}],\"inLanguage\":\"en-US\"},{\"@type\":\"ImageObject\",\"inLanguage\":\"en-US\",\"@id\":\"https:\/\/www.beschaeftigungstherapie.org\/manustrasse\/#primaryimage\",\"url\":\"https:\/\/www.beschaeftigungstherapie.org\/wp-content\/uploads\/2022\/07\/MANU-2.jpg\",\"contentUrl\":\"https:\/\/www.beschaeftigungstherapie.org\/wp-content\/uploads\/2022\/07\/MANU-2.jpg\",\"width\":718,\"height\":718},{\"@type\":\"WebPage\",\"@id\":\"https:\/\/www.beschaeftigungstherapie.org\/manustrasse\/#webpage\",\"url\":\"https:\/\/www.beschaeftigungstherapie.org\/manustrasse\/\",\"name\":\"Manu Strasse -\",\"isPartOf\":{\"@id\":\"https:\/\/www.beschaeftigungstherapie.org\/#website\"},\"primaryImageOfPage\":{\"@id\":\"https:\/\/www.beschaeftigungstherapie.org\/manustrasse\/#primaryimage\"},\"datePublished\":\"2022-10-23T07:48:17+00:00\",\"dateModified\":\"2022-10-23T11:36:44+00:00\",\"breadcrumb\":{\"@id\":\"https:\/\/www.beschaeftigungstherapie.org\/manustrasse\/#breadcrumb\"},\"inLanguage\":\"en-US\",\"potentialAction\":[{\"@type\":\"ReadAction\",\"target\":[\"https:\/\/www.beschaeftigungstherapie.org\/manustrasse\/\"]}]},{\"@type\":\"BreadcrumbList\",\"@id\":\"https:\/\/www.beschaeftigungstherapie.org\/manustrasse\/#breadcrumb\",\"itemListElement\":[{\"@type\":\"ListItem\",\"position\":1,\"name\":\"Home\",\"item\":\"https:\/\/www.beschaeftigungstherapie.org\/\"},{\"@type\":\"ListItem\",\"position\":2,\"name\":\"Manu Strasse\"}]}]}<\/script>\n<!-- \/ Yoast SEO plugin. -->","yoast_head_json":{"title":"Manu Strasse -","robots":{"index":"noindex","follow":"follow","max-snippet":"max-snippet:-1","max-image-preview":"max-image-preview:large","max-video-preview":"max-video-preview:-1"},"og_locale":"en_US","og_type":"article","og_title":"Manu Strasse -","og_description":"MANU STRASSE Der in Asturien (Nordspanien) geborene K\u00fcnstler, ist seit seiner Geburt ein leidenschaftlicher Musiker. Im Jahr 2011 zog er in die T\u00fcrkei, wo seine Kl\u00e4nge einen wichtigen Einfluss erhielten. Im Jahr 2013 zog er nach Berlin und tauchte in die Underground-Szene ein, um die Seele seines Musikstils zu finden. Derzeit lebt er in Berlin, &hellip; Manu Strasse Read More &raquo;","og_url":"https:\/\/www.beschaeftigungstherapie.org\/en\/manustrasse\/","article_modified_time":"2022-10-23T11:36:44+00:00","og_image":[{"url":"https:\/\/www.beschaeftigungstherapie.org\/wp-content\/uploads\/2022\/07\/MANU-2-300x300.jpg"}],"author":"Chris116","twitter_card":"summary_large_image","twitter_misc":{"Est. reading time":"2 minutes"},"schema":{"@context":"https:\/\/schema.org","@graph":[{"@type":"WebSite","@id":"https:\/\/www.beschaeftigungstherapie.org\/#website","url":"https:\/\/www.beschaeftigungstherapie.org\/","name":"","description":"Just another WordPress site","potentialAction":[{"@type":"SearchAction","target":{"@type":"EntryPoint","urlTemplate":"https:\/\/www.beschaeftigungstherapie.org\/?s={search_term_string}"},"query-input":"required name=search_term_string"}],"inLanguage":"en-US"},{"@type":"ImageObject","inLanguage":"en-US","@id":"https:\/\/www.beschaeftigungstherapie.org\/manustrasse\/#primaryimage","url":"https:\/\/www.beschaeftigungstherapie.org\/wp-content\/uploads\/2022\/07\/MANU-2.jpg","contentUrl":"https:\/\/www.beschaeftigungstherapie.org\/wp-content\/uploads\/2022\/07\/MANU-2.jpg","width":718,"height":718},{"@type":"WebPage","@id":"https:\/\/www.beschaeftigungstherapie.org\/manustrasse\/#webpage","url":"https:\/\/www.beschaeftigungstherapie.org\/manustrasse\/","name":"Manu Strasse -","isPartOf":{"@id":"https:\/\/www.beschaeftigungstherapie.org\/#website"},"primaryImageOfPage":{"@id":"https:\/\/www.beschaeftigungstherapie.org\/manustrasse\/#primaryimage"},"datePublished":"2022-10-23T07:48:17+00:00","dateModified":"2022-10-23T11:36:44+00:00","breadcrumb":{"@id":"https:\/\/www.beschaeftigungstherapie.org\/manustrasse\/#breadcrumb"},"inLanguage":"en-US","potentialAction":[{"@type":"ReadAction","target":["https:\/\/www.beschaeftigungstherapie.org\/manustrasse\/"]}]},{"@type":"BreadcrumbList","@id":"https:\/\/www.beschaeftigungstherapie.org\/manustrasse\/#breadcrumb","itemListElement":[{"@type":"ListItem","position":1,"name":"Home","item":"https:\/\/www.beschaeftigungstherapie.org\/"},{"@type":"ListItem","position":2,"name":"Manu Strasse"}]}]}},"_links":{"self":[{"href":"https:\/\/www.beschaeftigungstherapie.org\/en\/wp-json\/wp\/v2\/pages\/772"}],"collection":[{"href":"https:\/\/www.beschaeftigungstherapie.org\/en\/wp-json\/wp\/v2\/pages"}],"about":[{"href":"https:\/\/www.beschaeftigungstherapie.org\/en\/wp-json\/wp\/v2\/types\/page"}],"author":[{"embeddable":true,"href":"https:\/\/www.beschaeftigungstherapie.org\/en\/wp-json\/wp\/v2\/users\/1"}],"replies":[{"embeddable":true,"href":"https:\/\/www.beschaeftigungstherapie.org\/en\/wp-json\/wp\/v2\/comments?post=772"}],"version-history":[{"count":19,"href":"https:\/\/www.beschaeftigungstherapie.org\/en\/wp-json\/wp\/v2\/pages\/772\/revisions"}],"predecessor-version":[{"id":851,"href":"https:\/\/www.beschaeftigungstherapie.org\/en\/wp-json\/wp\/v2\/pages\/772\/revisions\/851"}],"wp:attachment":[{"href":"https:\/\/www.beschaeftigungstherapie.org\/en\/wp-json\/wp\/v2\/media?parent=772"}],"curies":[{"name":"wp","href":"https:\/\/api.w.org\/{rel}","templated":true}]}}